{"id":631,"date":"2020-10-15T14:04:35","date_gmt":"2020-10-15T12:04:35","guid":{"rendered":"https:\/\/embodied.berlin\/?page_id=631"},"modified":"2020-10-18T19:38:13","modified_gmt":"2020-10-18T17:38:13","slug":"datenschutz","status":"publish","type":"page","link":"https:\/\/embodied.berlin\/en\/datenschutz\/","title":{"rendered":"Datenschutz"},"content":{"rendered":"\n<div class=\"wp-block-group\"><div class=\"wp-block-group__inner-container is-layout-flow wp-block-group-is-layout-flow\">\n<p>Wir, die Embodied Berlin nehmen den Schutz Ihrer pers\u00f6nlichen Daten sehr ernst und halten uns strikt an die Regeln der Datenschutzgesetze. Personenbezogene Daten werden auf dieser Webseite nur im technisch notwendigen Umfang erhoben. In keinem Fall werden die erhobenen Daten verkauft oder aus anderen Gr\u00fcnden an Dritte weitergegeben.<\/p>\n\n\n\n<p>Die folgende Erkl\u00e4rung zum Datenschutz erl\u00e4utert, welche Informationen wir w\u00e4hrend Ihres Besuchs auf unserer Webseite erfassen und welche Teile dieser Informationen gegebenenfalls auf welche Weise genutzt werden.<\/p>\n\n\n\n<p><strong><strong>Datenerfassung<\/strong><\/strong><br><\/p>\n\n\n\n<p>Datenverarbeitung auf dieser Internetseite&nbsp;<br>Embodied Berlin erhebt und speichert automatisch in ihren Server Log Files Informationen, die Ihr Browser an uns \u00fcbermittelt. Dies sind z.B.:<\/p>\n\n\n\n<ul class=\"wp-block-list\"><li>Browsertyp\/ -version<\/li><li>verwendetes Betriebssystem<\/li><li>Referrer URL (die zuvor besuchte Seite)<\/li><li>Hostname des zugreifenden Rechners (IP Adresse)<\/li><li>Uhrzeit der Serveranfrage.<\/li><\/ul>\n\n\n\n<p>Diese Informationen werden kommen nicht zur Auswertung. Des Weiteren werden diese Daten f\u00fcr die Verfolgung von Missbrauchsversuchen verwendet. Eine Zusammenf\u00fchrung dieser Informationen mit anderen Datenquellen wird nur in diesem Fall zur<br>Strafverfolgung vorgenommen.<\/p>\n\n\n\n<p><strong><strong>Personenbezogene Daten<\/strong><\/strong><br>Personenbezogene Daten wie z.B. Name, Anschrift, Telefonnummer oder E-Mail-Adresse werden von uns nicht erfasst, es sei denn, diese Angaben werden von Ihnen freiwillig gemacht, z.B. einer Online-Bewerbung oder \u00fcber das Kontaktformular. Wir verwenden Ihre freiwillig angegebenen Daten ausschlie\u00dflich f\u00fcr den Zweck, zu dem Sie uns diese \u00fcberlassen haben. Nur wenn Sie uns Ihre Einwilligung auch f\u00fcr die Verwendung im Rahmen weiterer Angebote oder f\u00fcr Marketingzwecke gegeben haben, nutzen wir Ihre Daten auch f\u00fcr diese Zwecke.<\/p>\n\n\n\n<p><strong><strong>Standarddaten<\/strong><\/strong><\/p>\n\n\n\n<p>Wenn Sie unsere Internetseite benutzen, zeichnet unser Web-Server grunds\u00e4tzlich nicht Ihre vollst\u00e4ndige IP-Adresse und den Domainnamen des verwendeten Computers auf. Der Server ist so konfiguriert, dass eine automatische Protokollierung der Informationen, die f\u00fcr eine individuelle Identifizierung n\u00f6tig w\u00e4ren, nicht stattfindet. Es k\u00f6nnen daher keinerlei personenbezogene oder personenbeziehbare Daten auf unseren Servern entstehen.<\/p>\n\n\n\n<p>Bei Missbrauchsversuchen oder Serverfehlern kann es allerdings m\u00f6glich sein, dass zur Fehleranalyse eine sogenannte Protokolldatei gestartet wird. Im Einzelnen werden hier die IP-Adresse, die spezifische Adresse der bei uns aufgerufenen Seite, ggf. die Seite von der Sie uns erreicht haben (Linkquelle), die \u00fcbertragene Kennung des Browsers, sowie Systemdatum und -zeit des Seitenaufrufes erfasst. Diese Daten werden umgehend nach Behebung des Fehlers von unseren Servern gel\u00f6scht und ausschlie\u00dflich zur Analysierung des Fehlers genutzt. Wir sind nicht in der Lage, die Protokolldaten mit einer Person zu verkn\u00fcpfen.<\/p>\n\n\n\n<p><strong><strong>Technische Steuerung &#8211; Cookies<\/strong><\/strong><br>Auf unserer Seite werden sogenannte \u201eCookies\u201c verwendet. Diese vereinfachen und beschleunigen die Steuerung Ihres Besuchs auf unserer Internetseite. Sollten Sie die Verwendung der Cookies durch unsere Webseite auf ihrem Computer nicht w\u00fcnschen, so k\u00f6nnen Sie in Ihrer Browsereinstellung die Cookies deaktivieren und die Browsereinstellung so w\u00e4hlen, dass Sie bei der Verwendung von Cookies auf einer Internetseite dar\u00fcber informiert werden.<\/p>\n\n\n\n<p><strong>Statistische Auswertung Tracking via e-Tracker<\/strong><\/p>\n\n\n\n<p>Wenn Sie unsere Webseiten besuchen, \u00fcbertragen wir Daten an unseren Dienstleister e-Tracker. Die Dienstleistung von e-Tracker bietet uns statistische Auswertungen zur qualitativen Verbesserung unserer Internetseite. Diese Daten sind anonymisiert und werden in einem aufsichtsbeh\u00f6rdlich zugelassenen System zuverl\u00e4ssig verarbeitet. Ein R\u00fcckschluss auf Ihre Person ist weder uns noch e-Tracker m\u00f6glich.&nbsp;<\/p>\n\n\n\n<p>Weitere Informationen zum <a href=\"https:\/\/www.etracker.com\/blog\/faqs\">Datenschutz bei eTracker<\/a>. Dar\u00fcber hinaus werden keine Daten an Dritte \u00fcbertragen.<\/p>\n\n\n\n<p><strong>Tracking via Google Analytics<\/strong><\/p>\n\n\n\n<p>Wenn Sie unsere Webseiten besuchen, \u00fcbertragen wir Daten an unseren Dienstleister Google Inc., im Rahmen der L\u00f6sung Google Analytics. Google Analytics ist so konfiguriert, dass Ihre IP-Adresse anonymisiert an Google \u00fcbertragen wird ( <a href=\"https:\/\/support.google.com\/analytics\/answer\/2763052\">anonymizeIP<\/a> ). Google verarbeitet Ihre Nutzungsdaten in unserem Auftrag, auf unserer Webseite, um Webseitenaktivit\u00e4ten in Form von Reports zusammenzustellen. Wir verwenden diese Reports, um Ihr Interesse an unseren Angeboten zu bemessen und um diese zu verbessern.&nbsp;<\/p>\n\n\n\n<p>Wenn Sie kein Tracking durch Google Analytics w\u00fcnschen, k\u00f6nnen Sie ein Browser-Add-on installieren, <a href=\"https:\/\/tools.google.com\/dlpage\/gaoptout?hl=de\">um das Tracking durch Google Analytics zu unterbinden<\/a> .<\/p>\n\n\n\n<p><strong>Einsatz des Google Tag Manager&nbsp;<\/strong><\/p>\n\n\n\n<p><\/p>\n\n\n\n<p>Wir benutzen auch den Google Tag Manager von Google. Google Tag Manager ist eine L\u00f6sung, mit der Vermarkter Website-Tags \u00fcber eine Oberfl\u00e4che verwalten k\u00f6nnen. Der Google Tag Manager selbst (der die Tags implementiert) ist eine cookielose Domain und erfasst keine personenbezogenen Daten. Das Tool sorgt f\u00fcr die Ausl\u00f6sung anderer Tags, die ihrerseits unter Umst\u00e4nden Daten erfassen. Der Google Tag Manager greift nicht auf diese Daten zu. Wenn auf Domain- oder Cookie-Ebene eine Deaktivierung vorgenommen wurde, bleibt diese f\u00fcr alle Tracking-Tags bestehen, die mit Google Tag Manager implementiert werden. Weitergehende Informationen zum Datenschutz bei Google finden Sie hier: <a href=\"https:\/\/www.google.com\/policies\/privacy\/\">https:\/\/www.google.com\/policies\/privacy\/<\/a>.&nbsp;<\/p>\n<\/div><\/div>\n\n\n\n<p><\/p>\n\n\n\n<p><strong>Verwendung von Google AdWords<\/strong><\/p>\n\n\n\n<p>Diese Websites nutzen ggfs. auch das Online-Werbeprogramm <strong>Google AdWords<\/strong> und im Rahmen dessen das Conversion-Tracking. Das Cookie f\u00fcr Conversion-Tracking wird gesetzt, wenn ein Nutzer auf eine im Google Such- oder Werbenetzwerk geschaltete Anzeige der BNP Paribas Cardif&nbsp; klickt. Diese Cookies verlieren nach 30 Tagen ihre G\u00fcltigkeit und dienen nicht der pers\u00f6nlichen Identifizierung. Besucht der Nutzer bestimmte Seiten dieser Website und das Cookie ist noch nicht abgelaufen, k\u00f6nnen BNP Paribas Cardif&nbsp; und Google erkennen, dass der Nutzer auf die Anzeige geklickt hat und zu dieser Seite weitergeleitet wurde. Jeder Google AdWords-Kunde erh\u00e4lt ein anderes Cookie. Cookies k\u00f6nnen somit nicht \u00fcber die Websites von AdWords-Kunden nachverfolgt werden. Die mithilfe des Conversion-Cookies eingeholten Informationen dienen dazu, Conversion-Statistiken f\u00fcr AdWords-Kunden zu erstellen, die sich f\u00fcr Conversion-Tracking entschieden haben. Die Kunden erfahren die Gesamtanzahl der Nutzer, die auf ihre Anzeige geklickt haben und zu einer mit einem Conversion-Tracking-Tag versehenen Seite weitergeleitet wurden. Sie erhalten jedoch keine Informationen, mit denen sich Nutzer pers\u00f6nlich identifizieren lassen. Nutzer, die nicht am Tracking teilnehmen m\u00f6chten, k\u00f6nnen das Cookie des Google Conversion-Trackings \u00fcber ihren Internetbrowser unter Nutzereinstellungen leicht deaktivieren. Diese Nutzer werden nicht in die Conversion-Tracking Statistiken aufgenommen. <a href=\"http:\/\/www.google.de\/policies\/privacy\/\">Erfahren Sie mehr \u00fcber die Google Datenschutzbestimmungen.<\/a><\/p>\n\n\n\n<p><strong>Verwendung von FinanceAds Conversion Tracking&nbsp;<\/strong><\/p>\n\n\n\n<p>Auf einigen unserer Webseiten ist f\u00fcr die Abwicklung eines Affiliate Programms mit den Werbenetzpartnern von BNP Paribas Cardif ein JavaScript \u201eFinance Ads Conversion Tracking\u201c der financeAds GmbH &amp; Co. KG (Karlstra\u00dfe 9, 90403 N\u00fcrnberg) eingebunden. Das Skript dient uns dazu, Werbenetzpartnern bei der Vermittlung einer erfolgreichen Registrierung oder eines Produktkaufs eine sog. Lead- bzw. Sale-Provision aussch\u00fctten zu k\u00f6nnen. Das Skript wird nur f\u00fcr Nutzer, die von einem Affiliate Partner aus dem FinanceAds-Netzwerk auf die Webseite von BNP Paribas Cardif gelangt sind, bei f\u00fcr die Provision abrechnungsrelevanten Seitenaufrufen des Nutzers ausgef\u00fchrt. Hierf\u00fcr werden sog. Finance Ads Parameter in einem Cookie im Browser des Nutzers lokal abgelegt und bei abrechnungsrelevanten Aufrufen unserer Webseite skriptbasiert ausgelesen. Die Auswertung erfolgt dabei anhand von <strong>pseudonymen<\/strong> <strong>Datens\u00e4tzen<\/strong> und nur zu den vorgenannten Zwecken. Die Laufzeit der im Browser des Nutzers eingebundenen Finance Ads Parameter betr\u00e4gt 90 Tage. Weitergehende Informationen zum Datenschutz bei FinanceAds finden Sie hier: <a href=\"https:\/\/www.financeads.net\/aboutus\/datenschutz\/\">https:\/\/www.financeads.net\/aboutus\/datenschutz\/<\/a>&nbsp;<\/p>\n\n\n\n<p><strong>Sicherheit<\/strong><\/p>\n\n\n\n<p>Zum Schutz Ihrer bei uns vorgehaltenen personenbezogenen Daten vor unberechtigtem Zugriff und Missbrauch haben wir umfangreiche technische und betriebliche Vorkehrungen getroffen. Unsere Sicherheitsverfahren werden regelm\u00e4\u00dfig \u00fcberpr\u00fcft und dem technologischen Fortschritt angepasst. Unsere Mitarbeiter sind zur Wahrung der Vertraulichkeit verpflichtet.<\/p>\n\n\n\n<p><strong>Links zu anderen Websites<\/strong><\/p>\n\n\n\n<p>Rufen Sie eine externe Internetseite von unserer Seite auf (externer Link), wird der externe Anbieter m\u00f6glicherweise von Ihrem Browser die Information erhalten, von welcher unserer Internetseiten Sie zu ihm gekommen sind. F\u00fcr diese Daten ist der externe Anbieter verantwortlich. Wir sind, wie jeder andere Anbieter von Internetseiten, nicht in der Lage, diesen Vorgang zu beeinflussen.<\/p>\n\n\n\n<p><strong>Auskunft, L\u00f6schung, Sperrung&nbsp;<\/strong><\/p>\n\n\n\n<p>Sie haben jederzeit das Recht auf unentgeltliche Auskunft \u00fcber Ihre gespeicherten personenbezogenen Daten, deren Herkunft und Empf\u00e4nger und den Zweck der Datenverarbeitung sowie ein Recht auf Berichtigung, Sperrung oder L\u00f6schung dieser Daten. Hierzu sowie zu weiteren Fragen zum Thema personenbezogene Daten k\u00f6nnen Sie sich jederzeit unter der im Impressum angegebenen Adresse an uns wenden.<\/p>\n\n\n\n<p><strong>Widerspruch, Werbe-Mails<\/strong><\/p>\n\n\n\n<p>Der Nutzung von im Rahmen der Impressumspflicht ver\u00f6ffentlichten Kontaktdaten zur \u00dcbersendung von nicht ausdr\u00fccklich angeforderter Werbung und Informationsmaterialien wird hiermit widersprochen. Die Betreiber der Seiten behalten sich ausdr\u00fccklich rechtliche Schritte im Falle der unverlangten Zusendung von Werbeinformationen, etwa durch Spam-E-Mails, vor.<\/p>\n\n\n\n<p><strong>Verweise und Links&nbsp;<\/strong><\/p>\n\n\n\n<p>Trotz sorgf\u00e4ltiger Kontrolle \u00fcbernehmen wir keine Haftung f\u00fcr die Inhalte externer Links. F\u00fcr den Inhalt der verlinkten Seiten sind ausschlie\u00dflich deren Betreiber verantwortlich.<\/p>\n\n\n\n<p>Die Betreiber der Seiten behalten sich ausdr\u00fccklich rechtliche Schritte im Falle der unverlangten Zusendung von Werbeinformationen, etwa durch Spam-Mails, vor.<\/p>\n\n\n\n<p>Ein l\u00fcckenloser Schutz der Daten vor dem Zugriff durch Dritte ist nicht m\u00f6glich.<\/p>\n","protected":false},"excerpt":{"rendered":"<p>Wir, die Embodied Berlin nehmen den Schutz Ihrer pers\u00f6nlichen Daten sehr ernst und halten uns strikt an die Regeln der Datenschutzgesetze. Personenbezogene Daten werden auf dieser Webseite nur im technisch notwendigen Umfang erhoben. In keinem Fall werden die erhobenen Daten verkauft oder aus anderen Gr\u00fcnden an Dritte weitergegeben. Die folgende Erkl\u00e4rung zum Datenschutz erl\u00e4utert, welche [&hellip;]<\/p>\n","protected":false},"author":3,"featured_media":0,"parent":0,"menu_order":0,"comment_status":"closed","ping_status":"closed","template":"","meta":{"_uag_custom_page_level_css":"","footnotes":""},"class_list":["post-631","page","type-page","status-publish","hentry"],"yoast_head":"<!-- This site is optimized with the Yoast SEO plugin v27.3 - https:\/\/yoast.com\/product\/yoast-seo-wordpress\/ -->\n<title>Datenschutz &#8226; Embodied.Berlin<\/title>\n<meta name=\"robots\" content=\"index, follow, max-snippet:-1, max-image-preview:large, max-video-preview:-1\" \/>\n<link rel=\"canonical\" href=\"https:\/\/embodied.berlin\/en\/datenschutz\/\" \/>\n<meta property=\"og:locale\" content=\"en_US\" \/>\n<meta property=\"og:type\" content=\"article\" \/>\n<meta property=\"og:title\" content=\"Datenschutz &#8226; Embodied.Berlin\" \/>\n<meta property=\"og:description\" content=\"Wir, die Embodied Berlin nehmen den Schutz Ihrer pers\u00f6nlichen Daten sehr ernst und halten uns strikt an die Regeln der Datenschutzgesetze. Personenbezogene Daten werden auf dieser Webseite nur im technisch notwendigen Umfang erhoben. In keinem Fall werden die erhobenen Daten verkauft oder aus anderen Gr\u00fcnden an Dritte weitergegeben. Die folgende Erkl\u00e4rung zum Datenschutz erl\u00e4utert, welche [&hellip;]\" \/>\n<meta property=\"og:url\" content=\"https:\/\/embodied.berlin\/en\/datenschutz\/\" \/>\n<meta property=\"og:site_name\" content=\"Embodied.Berlin\" \/>\n<meta property=\"article:publisher\" content=\"https:\/\/www.facebook.com\/Embodiedberlin-120219546202117\" \/>\n<meta property=\"article:modified_time\" content=\"2020-10-18T17:38:13+00:00\" \/>\n<meta property=\"og:image\" content=\"https:\/\/embodied.berlin\/wp-content\/uploads\/2023\/06\/Leadership-scaled.jpg\" \/>\n\t<meta property=\"og:image:width\" content=\"2560\" \/>\n\t<meta property=\"og:image:height\" content=\"1703\" \/>\n\t<meta property=\"og:image:type\" content=\"image\/jpeg\" \/>\n<meta name=\"twitter:card\" content=\"summary_large_image\" \/>\n<meta name=\"twitter:label1\" content=\"Est. reading time\" \/>\n\t<meta name=\"twitter:data1\" content=\"7 minutes\" \/>\n<script type=\"application\/ld+json\" class=\"yoast-schema-graph\">{\"@context\":\"https:\\\/\\\/schema.org\",\"@graph\":[{\"@type\":\"WebPage\",\"@id\":\"https:\\\/\\\/embodied.berlin\\\/en\\\/datenschutz\\\/\",\"url\":\"https:\\\/\\\/embodied.berlin\\\/en\\\/datenschutz\\\/\",\"name\":\"Datenschutz &#8226; Embodied.Berlin\",\"isPartOf\":{\"@id\":\"https:\\\/\\\/embodied.berlin\\\/en\\\/#website\"},\"datePublished\":\"2020-10-15T12:04:35+00:00\",\"dateModified\":\"2020-10-18T17:38:13+00:00\",\"breadcrumb\":{\"@id\":\"https:\\\/\\\/embodied.berlin\\\/en\\\/datenschutz\\\/#breadcrumb\"},\"inLanguage\":\"en-US\",\"potentialAction\":[{\"@type\":\"ReadAction\",\"target\":[\"https:\\\/\\\/embodied.berlin\\\/en\\\/datenschutz\\\/\"]}]},{\"@type\":\"BreadcrumbList\",\"@id\":\"https:\\\/\\\/embodied.berlin\\\/en\\\/datenschutz\\\/#breadcrumb\",\"itemListElement\":[{\"@type\":\"ListItem\",\"position\":1,\"name\":\"Startseite\",\"item\":\"https:\\\/\\\/embodied.berlin\\\/en\\\/\"},{\"@type\":\"ListItem\",\"position\":2,\"name\":\"Datenschutz\"}]},{\"@type\":\"WebSite\",\"@id\":\"https:\\\/\\\/embodied.berlin\\\/en\\\/#website\",\"url\":\"https:\\\/\\\/embodied.berlin\\\/en\\\/\",\"name\":\"Embodied.Berlin\",\"description\":\"Entdecke die Intelligenz  Deines K\u00f6rpers!\",\"publisher\":{\"@id\":\"https:\\\/\\\/embodied.berlin\\\/en\\\/#organization\"},\"potentialAction\":[{\"@type\":\"SearchAction\",\"target\":{\"@type\":\"EntryPoint\",\"urlTemplate\":\"https:\\\/\\\/embodied.berlin\\\/en\\\/?s={search_term_string}\"},\"query-input\":{\"@type\":\"PropertyValueSpecification\",\"valueRequired\":true,\"valueName\":\"search_term_string\"}}],\"inLanguage\":\"en-US\"},{\"@type\":\"Organization\",\"@id\":\"https:\\\/\\\/embodied.berlin\\\/en\\\/#organization\",\"name\":\"Embodied.Berlin\",\"url\":\"https:\\\/\\\/embodied.berlin\\\/en\\\/\",\"logo\":{\"@type\":\"ImageObject\",\"inLanguage\":\"en-US\",\"@id\":\"https:\\\/\\\/embodied.berlin\\\/en\\\/#\\\/schema\\\/logo\\\/image\\\/\",\"url\":\"https:\\\/\\\/embodied.berlin\\\/wp-content\\\/uploads\\\/2020\\\/10\\\/EB_logo.jpg\",\"contentUrl\":\"https:\\\/\\\/embodied.berlin\\\/wp-content\\\/uploads\\\/2020\\\/10\\\/EB_logo.jpg\",\"width\":1080,\"height\":1080,\"caption\":\"Embodied.Berlin\"},\"image\":{\"@id\":\"https:\\\/\\\/embodied.berlin\\\/en\\\/#\\\/schema\\\/logo\\\/image\\\/\"},\"sameAs\":[\"https:\\\/\\\/www.facebook.com\\\/Embodiedberlin-120219546202117\",\"https:\\\/\\\/www.instagram.com\\\/embodied.berlin\\\/\",\"https:\\\/\\\/www.linkedin.com\\\/in\\\/anna-paucher-cpcc-45a57670\\\/\"]}]}<\/script>\n<!-- \/ Yoast SEO plugin. -->","yoast_head_json":{"title":"Datenschutz &#8226; Embodied.Berlin","robots":{"index":"index","follow":"follow","max-snippet":"max-snippet:-1","max-image-preview":"max-image-preview:large","max-video-preview":"max-video-preview:-1"},"canonical":"https:\/\/embodied.berlin\/en\/datenschutz\/","og_locale":"en_US","og_type":"article","og_title":"Datenschutz &#8226; Embodied.Berlin","og_description":"Wir, die Embodied Berlin nehmen den Schutz Ihrer pers\u00f6nlichen Daten sehr ernst und halten uns strikt an die Regeln der Datenschutzgesetze. Personenbezogene Daten werden auf dieser Webseite nur im technisch notwendigen Umfang erhoben. In keinem Fall werden die erhobenen Daten verkauft oder aus anderen Gr\u00fcnden an Dritte weitergegeben. Die folgende Erkl\u00e4rung zum Datenschutz erl\u00e4utert, welche [&hellip;]","og_url":"https:\/\/embodied.berlin\/en\/datenschutz\/","og_site_name":"Embodied.Berlin","article_publisher":"https:\/\/www.facebook.com\/Embodiedberlin-120219546202117","article_modified_time":"2020-10-18T17:38:13+00:00","og_image":[{"width":2560,"height":1703,"url":"https:\/\/embodied.berlin\/wp-content\/uploads\/2023\/06\/Leadership-scaled.jpg","type":"image\/jpeg"}],"twitter_card":"summary_large_image","twitter_misc":{"Est. reading time":"7 minutes"},"schema":{"@context":"https:\/\/schema.org","@graph":[{"@type":"WebPage","@id":"https:\/\/embodied.berlin\/en\/datenschutz\/","url":"https:\/\/embodied.berlin\/en\/datenschutz\/","name":"Datenschutz &#8226; Embodied.Berlin","isPartOf":{"@id":"https:\/\/embodied.berlin\/en\/#website"},"datePublished":"2020-10-15T12:04:35+00:00","dateModified":"2020-10-18T17:38:13+00:00","breadcrumb":{"@id":"https:\/\/embodied.berlin\/en\/datenschutz\/#breadcrumb"},"inLanguage":"en-US","potentialAction":[{"@type":"ReadAction","target":["https:\/\/embodied.berlin\/en\/datenschutz\/"]}]},{"@type":"BreadcrumbList","@id":"https:\/\/embodied.berlin\/en\/datenschutz\/#breadcrumb","itemListElement":[{"@type":"ListItem","position":1,"name":"Startseite","item":"https:\/\/embodied.berlin\/en\/"},{"@type":"ListItem","position":2,"name":"Datenschutz"}]},{"@type":"WebSite","@id":"https:\/\/embodied.berlin\/en\/#website","url":"https:\/\/embodied.berlin\/en\/","name":"Embodied.Berlin","description":"Entdecke die Intelligenz  Deines K\u00f6rpers!","publisher":{"@id":"https:\/\/embodied.berlin\/en\/#organization"},"potentialAction":[{"@type":"SearchAction","target":{"@type":"EntryPoint","urlTemplate":"https:\/\/embodied.berlin\/en\/?s={search_term_string}"},"query-input":{"@type":"PropertyValueSpecification","valueRequired":true,"valueName":"search_term_string"}}],"inLanguage":"en-US"},{"@type":"Organization","@id":"https:\/\/embodied.berlin\/en\/#organization","name":"Embodied.Berlin","url":"https:\/\/embodied.berlin\/en\/","logo":{"@type":"ImageObject","inLanguage":"en-US","@id":"https:\/\/embodied.berlin\/en\/#\/schema\/logo\/image\/","url":"https:\/\/embodied.berlin\/wp-content\/uploads\/2020\/10\/EB_logo.jpg","contentUrl":"https:\/\/embodied.berlin\/wp-content\/uploads\/2020\/10\/EB_logo.jpg","width":1080,"height":1080,"caption":"Embodied.Berlin"},"image":{"@id":"https:\/\/embodied.berlin\/en\/#\/schema\/logo\/image\/"},"sameAs":["https:\/\/www.facebook.com\/Embodiedberlin-120219546202117","https:\/\/www.instagram.com\/embodied.berlin\/","https:\/\/www.linkedin.com\/in\/anna-paucher-cpcc-45a57670\/"]}]}},"uagb_featured_image_src":{"full":false,"thumbnail":false,"medium":false,"medium_large":false,"large":false,"1536x1536":false,"2048x2048":false,"post-thumbnail":false,"twentytwenty-fullscreen":false},"uagb_author_info":{"display_name":"Anna Paucher","author_link":"https:\/\/embodied.berlin\/en\/author\/anna\/"},"uagb_comment_info":0,"uagb_excerpt":"Wir, die Embodied Berlin nehmen den Schutz Ihrer pers\u00f6nlichen Daten sehr ernst und halten uns strikt an die Regeln der Datenschutzgesetze. Personenbezogene Daten werden auf dieser Webseite nur im technisch notwendigen Umfang erhoben. In keinem Fall werden die erhobenen Daten verkauft oder aus anderen Gr\u00fcnden an Dritte weitergegeben. Die folgende Erkl\u00e4rung zum Datenschutz erl\u00e4utert, welche&hellip;","_links":{"self":[{"href":"https:\/\/embodied.berlin\/en\/wp-json\/wp\/v2\/pages\/631","targetHints":{"allow":["GET"]}}],"collection":[{"href":"https:\/\/embodied.berlin\/en\/wp-json\/wp\/v2\/pages"}],"about":[{"href":"https:\/\/embodied.berlin\/en\/wp-json\/wp\/v2\/types\/page"}],"author":[{"embeddable":true,"href":"https:\/\/embodied.berlin\/en\/wp-json\/wp\/v2\/users\/3"}],"replies":[{"embeddable":true,"href":"https:\/\/embodied.berlin\/en\/wp-json\/wp\/v2\/comments?post=631"}],"version-history":[{"count":1,"href":"https:\/\/embodied.berlin\/en\/wp-json\/wp\/v2\/pages\/631\/revisions"}],"predecessor-version":[{"id":632,"href":"https:\/\/embodied.berlin\/en\/wp-json\/wp\/v2\/pages\/631\/revisions\/632"}],"wp:attachment":[{"href":"https:\/\/embodied.berlin\/en\/wp-json\/wp\/v2\/media?parent=631"}],"curies":[{"name":"wp","href":"https:\/\/api.w.org\/{rel}","templated":true}]}}