{"id":404,"date":"2020-10-05T19:41:51","date_gmt":"2020-10-05T17:41:51","guid":{"rendered":"https:\/\/embodied.berlin\/executive-coaching\/"},"modified":"2025-03-24T19:03:19","modified_gmt":"2025-03-24T18:03:19","slug":"leadership-coaching","status":"publish","type":"page","link":"https:\/\/embodied.berlin\/en\/leadership-coaching\/","title":{"rendered":"Leadership Coaching"},"content":{"rendered":"\n<p class=\"has-text-align-center has-white-color has-text-color\" style=\"font-size:20px\">.<\/p>\n\n\n\n<section class=\"wp-block-uagb-section uagb-section__wrap uagb-section__background-image alignfull uagb-block-2c3d37e3\"><div class=\"uagb-section__overlay\"><\/div><div class=\"uagb-section__inner-wrap\"><\/div><\/section>\n\n\n\n<h2 class=\"has-text-align-center wp-block-heading\" id=\"block-d74fc8f2-d992-4f6c-8039-95404c024844\">Leadership Coaching brings you into your power and opens access to new resources.<\/h2>\n\n\n\n<p>In the sessions you explore concrete situations from your everyday life and work with the intelligence of my body. You connect physical, emotional and intellectual levels by consciously sensing your breath, words and body signals. <\/p>\n\n\n\n<p>While your thoughts often run in circles, the body shows you quickly and directly where the power is and where energy flows. Suddenly you can see the essence of a problem more clearly, change your focus and recognize new opportunities. <\/p>\n\n\n\n<p>Insights from this body knowledge are easy to understand, simpler than expected. They build on my strength, not on my fears.<\/p>\n\n\n\n<div class=\"wp-block-group alignfull has-white-background-color has-background\"><div class=\"wp-block-group__inner-container is-layout-flow wp-block-group-is-layout-flow\">\n<div class=\"wp-block-group\"><div class=\"wp-block-group__inner-container is-layout-flow wp-block-group-is-layout-flow\">\n<h2 class=\"wp-block-heading has-text-align-center has-black-color has-text-color\">Testimonials<\/h2>\n\n\n\n\t\t\t<div class=\"wp-block-uagb-post-carousel uagb-post-grid  uagb-post__image-position-top uagb-post__image-disabled uagb-block-f3ed3b70     uagb-post__arrow-outside uagb-slick-carousel uagb-post__items uagb-post__columns-1 is-carousel uagb-post__columns-tablet-2 uagb-post__columns-mobile-1\" data-total=\"2\" style=\"\">\n\n\t\t\t\t\t\t\t\t\t\t\t\t<article class=\"uagb-post__inner-wrap\">\t\t\t\t\t\t\t\t<div class='uagb-post__text uagb-post-grid-byline'>\n\t\t\t\t\t\t\t<\/div>\n\t\t\t\t\t\t\t<div class='uagb-post__text uagb-post__excerpt'>\n\t\t\t\t\t<!-- wp:paragraph {\"UAGDay\":[]} -->\n<p>&#8220;I worked with Anna for over 2 years. We grew from a startup to a company with over 200 employees, which substantially changed the requirements of me as a manager. Anna helped me along this path. She helped me to prepare for difficult situations in my everyday business life and to understand how to be precise and clear while at the same time empathetic and respectful. In addition, she helped me acknowledge and even appreciate my own shortcomings. I can fully recommend Anna to people who want to grow in high growth environments and who are not scared to be confronted with the things we&#8217;re usually trained to hide.&#8221;<\/p>\n<!-- \/wp:paragraph -->\n\n<!-- wp:paragraph -->\n<p>Steffen Kiedel, CFO and Managing Director<\/p>\n<!-- \/wp:paragraph -->\t\t\t\t<\/div>\n\t\t\t\n\t\t\t\t\t\t\t\t\t<\/article>\n\t\t\t\t\t\t\t\t\t\t\t\t\t\t\t\t<article class=\"uagb-post__inner-wrap\">\t\t\t\t\t\t\t\t<div class='uagb-post__text uagb-post-grid-byline'>\n\t\t\t\t\t\t\t<\/div>\n\t\t\t\t\t\t\t<div class='uagb-post__text uagb-post__excerpt'>\n\t\t\t\t\t<!-- wp:paragraph {\"UAGDay\":[]} -->\n<p>&#8220;Anna is an extraordinary person, first and foremost she is truly human. She has challenged and evolved my self-reflection capabilities and ultimately contributed to myself becoming a more balanced and effective leader. I can highly recommend Anna to any C-level leader. She is a great resource to count on, be it for getting an outside in perspective or helping with either self-reflection and\/or sorting thoughts and paving the way for the future.&#8221; <\/p>\n<!-- \/wp:paragraph -->\n\n<!-- wp:paragraph -->\n<p>Reto Sahli, Chief Digital- &amp; Information Officer<\/p>\n<!-- \/wp:paragraph -->\t\t\t\t<\/div>\n\t\t\t\n\t\t\t\t\t\t\t\t\t<\/article>\n\t\t\t\t\t\t\t\t\t\t\t\t\t\t\t\t<article class=\"uagb-post__inner-wrap\">\t\t\t\t\t\t\t\t<div class='uagb-post__text uagb-post-grid-byline'>\n\t\t\t\t\t\t\t<\/div>\n\t\t\t\t\t\t\t<div class='uagb-post__text uagb-post__excerpt'>\n\t\t\t\t\t<!-- wp:paragraph {\"UAGDay\":[]} -->\n<p>&#8220;Working with Anna helped me to deal with my day-to-day challenges and to strengthen my leadership skills. To regularly reflect on how I approach and experience certain situations with Anna helped me to explore different possible answers to specific and sometimes repeating challenges. I truly enjoyed the exchange with Anna and her coaching helped me to become a more confident and authentic leader.&#8221; <\/p>\n<!-- \/wp:paragraph -->\n\n<!-- wp:paragraph -->\n<p>Andreas Schmid, Head of Product<\/p>\n<!-- \/wp:paragraph -->\t\t\t\t<\/div>\n\t\t\t\n\t\t\t\t\t\t\t\t\t<\/article>\n\t\t\t\t\t\t\t\t\t\t\t\t\t\t\t\t<article class=\"uagb-post__inner-wrap\">\t\t\t\t\t\t\t\t<div class='uagb-post__text uagb-post-grid-byline'>\n\t\t\t\t\t\t\t<\/div>\n\t\t\t\t\t\t\t<div class='uagb-post__text uagb-post__excerpt'>\n\t\t\t\t\t<!-- wp:paragraph {\"UAGDay\":[]} -->\n<p>&#8220;I worked more than 4 years with Anna as a colleague and as a coach. I appreciate Anna&#8217;s emotional intelligence, her super quick comprehension and her empathy. Anna never stops, she continues to educate herself and tackles complex challenges holistically. Anna brings outstanding added value and works not only theoretically, but practically, holistically and uniquely. Working with Anna is a win for your carrier and your life as well.&#8221;<\/p>\n<!-- \/wp:paragraph -->\n\n<!-- wp:paragraph -->\n<p>Dima Beitzke, CSO&nbsp;<\/p>\n<!-- \/wp:paragraph -->\t\t\t\t<\/div>\n\t\t\t\n\t\t\t\t\t\t\t\t\t<\/article>\n\t\t\t\t\t\t\t\t\t\t\t\t\t\t\t\t<article class=\"uagb-post__inner-wrap\">\t\t\t\t\t\t\t\t<div class='uagb-post__text uagb-post-grid-byline'>\n\t\t\t\t\t\t\t<\/div>\n\t\t\t\t\t\t\t<div class='uagb-post__text uagb-post__excerpt'>\n\t\t\t\t\t<!-- wp:paragraph {\"UAGDay\":[]} -->\n<p>&#8220;Eine tolle Entdeckung. Ich habe gelernt: Wenn ich auf meinen K\u00f6rper h\u00f6re, f\u00e4llt es mir leichter, Entscheidungen zu treffen. Ein gutes K\u00f6rpergef\u00fchl hilft mir auch, klare Gedanken zu fassen. Genau dieses K\u00f6rpergef\u00fchl entsteht bei der Embodied Meditation.&#8221;<\/p>\n<!-- \/wp:paragraph -->\n\n<!-- wp:paragraph -->\n<p>J\u00f6rg Hunke, Journalist und Medientrainer\u00a0<\/p>\n<!-- \/wp:paragraph -->\t\t\t\t<\/div>\n\t\t\t\n\t\t\t\t\t\t\t\t\t<\/article>\n\t\t\t\t\t\t\t\t\t\t\t\t\t\t\t\t<article class=\"uagb-post__inner-wrap\">\t\t\t\t\t\t\t\t<div class='uagb-post__text uagb-post-grid-byline'>\n\t\t\t\t\t\t\t<\/div>\n\t\t\t\t\t\t\t<div class='uagb-post__text uagb-post__excerpt'>\n\t\t\t\t\t<!-- wp:paragraph {\"align\":\"center\",\"UAGDay\":[]} -->\n<p class=\"has-text-align-center\">&#8220;Ich komme wieder mehr in Kontakt mit mir, mit meinem K\u00f6rper. Wenn ich in Kontakt mit mir bin, f\u00fchle ich mich lebendiger und mehr in Balance. Ich kann besser sehen, was in meinem Innern passiert. Meine Sinne werden gesch\u00e4rft. Ich werde gelassener in meinem Alltag und kann meinen Mitmenschen offener und liebevoller begegnen.&#8221;<\/p>\n<!-- \/wp:paragraph -->\n\n<!-- wp:paragraph {\"align\":\"center\"} -->\n<p class=\"has-text-align-center\">Sebastian Spielhofer, Praxis f\u00fcr Osteopathie<\/p>\n<!-- \/wp:paragraph -->\t\t\t\t<\/div>\n\t\t\t\n\t\t\t\t\t\t\t\t\t<\/article>\n\t\t\t\t\t\t\t\t\t\t\t<\/div>\n\t\t\t<\/div><\/div>\n<\/div><\/div>\n\n\n\n<section class=\"wp-block-uagb-section uagb-section__wrap uagb-section__background-image alignfull uagb-block-a98d1497\"><div class=\"uagb-section__overlay\"><\/div><div class=\"uagb-section__inner-wrap\"><\/div><\/section>\n\n\n\n<p><\/p>\n\n\n\n<p>For example, as a leader I can experience how much pressure I create myself and how tight it feels in my chest. When I apply less pressure, which is literally in my hand, it can open the room for the energy to flow. Suddenly I can see how much more is possible if I apply my power more consciously and carefully. <\/p>\n\n\n\n<blockquote class=\"wp-block-quote is-layout-flow wp-block-quote-is-layout-flow\">\n<h2 class=\"wp-block-heading\">I can trust this knowledge deep in the body &#8230;\u00a0<\/h2>\n<\/blockquote>\n\n\n\n<p>&#8230; to find the right words at the right moment, to do the right thing.<\/p>\n\n\n\n<p>Or, I feel a tightness in my head when I think of the current conflict with my colleague. The conflict makes me feel paralyzed and it narrows my view. When I follow the impulses of my body and notice the strength in my legs, calm energy spreading out in my body, the image in front of my inner eye suddenly changes. I realize how much I was trapped in my head. <\/p>\n\n\n\n<blockquote class=\"wp-block-quote is-layout-flow wp-block-quote-is-layout-flow\">\n<h2 class=\"wp-block-heading\">Feel freer and meet the other person at eye level again<\/h2>\n<\/blockquote>\n\n\n\n<p>This relaxed state of open perception, connection to the essence and resulting clarity has an effect far beyond the coaching and builds the base for leadership in business and life.<\/p>\n\n\n\n<p>A typical Leadership Coaching session takes one and a half hours and can be done in person or online.<\/p>\n\n\n\n<div class=\"wp-block-group alignfull has-black-color has-white-background-color has-text-color has-background\"><div class=\"wp-block-group__inner-container is-layout-flow wp-block-group-is-layout-flow\">\n<h2 class=\"has-text-align-center wp-block-heading\"><strong>Try out Leadership Coaching<\/strong>!<\/h2>\n\n\n\n<div class=\"wpcf7 no-js\" id=\"wpcf7-f558-o1\" lang=\"en-US\" dir=\"ltr\" data-wpcf7-id=\"558\">\n<div class=\"screen-reader-response\"><p role=\"status\" aria-live=\"polite\" aria-atomic=\"true\"><\/p> <ul><\/ul><\/div>\n<form action=\"\/en\/wp-json\/wp\/v2\/pages\/404#wpcf7-f558-o1\" method=\"post\" class=\"wpcf7-form init\" aria-label=\"Contact form\" novalidate=\"novalidate\" data-status=\"init\">\n<fieldset class=\"hidden-fields-container\"><input type=\"hidden\" name=\"_wpcf7\" value=\"558\" \/><input type=\"hidden\" name=\"_wpcf7_version\" value=\"6.1.5\" \/><input type=\"hidden\" name=\"_wpcf7_locale\" value=\"en_US\" \/><input type=\"hidden\" name=\"_wpcf7_unit_tag\" value=\"wpcf7-f558-o1\" \/><input type=\"hidden\" name=\"_wpcf7_container_post\" value=\"0\" \/><input type=\"hidden\" name=\"_wpcf7_posted_data_hash\" value=\"\" \/><input type=\"hidden\" name=\"_wpcf7_recaptcha_response\" value=\"\" \/>\n<\/fieldset>\n<p><label><span class=\"wpcf7-form-control-wrap\" data-name=\"a_name\"><input size=\"40\" maxlength=\"400\" class=\"wpcf7-form-control wpcf7-text wpcf7-validates-as-required\" aria-required=\"true\" aria-invalid=\"false\" placeholder=\"Name\" value=\"\" type=\"text\" name=\"a_name\" \/><\/span><\/label><label><span class=\"wpcf7-form-control-wrap\" data-name=\"email\"><input size=\"40\" maxlength=\"400\" class=\"wpcf7-form-control wpcf7-email wpcf7-validates-as-required wpcf7-text wpcf7-validates-as-email\" aria-required=\"true\" aria-invalid=\"false\" placeholder=\"Email\" value=\"\" type=\"email\" name=\"email\" \/><\/span><\/label><label><span class=\"wpcf7-form-control-wrap\" data-name=\"Mitteilung\"><textarea cols=\"40\" rows=\"10\" maxlength=\"2000\" class=\"wpcf7-form-control wpcf7-textarea\" aria-invalid=\"false\" placeholder=\"Message\" name=\"Mitteilung\"><\/textarea><\/span><\/label><input class=\"wpcf7-form-control wpcf7-submit has-spinner\" type=\"submit\" value=\"Contact Now\" \/>\n<\/p><div class=\"wpcf7-response-output\" aria-hidden=\"true\"><\/div>\n<\/form>\n<\/div>\n\n<\/div><\/div>\n","protected":false},"excerpt":{"rendered":"<p>. Leadership Coaching brings you into your power and opens access to new resources. In the sessions you explore concrete situations from your everyday life and work with the intelligence of my body. You connect physical, emotional and intellectual levels by consciously sensing your breath, words and body signals. While your thoughts often run in [&hellip;]<\/p>\n","protected":false},"author":3,"featured_media":518,"parent":0,"menu_order":0,"comment_status":"closed","ping_status":"closed","template":"templates\/template-cover-notitle-blue.php","meta":{"_uag_custom_page_level_css":"","footnotes":""},"class_list":["post-404","page","type-page","status-publish","has-post-thumbnail","hentry"],"yoast_head":"<!-- This site is optimized with the Yoast SEO plugin v27.4 - https:\/\/yoast.com\/product\/yoast-seo-wordpress\/ -->\n<title>Leadership Coaching &#8226; Embodied.Berlin<\/title>\n<meta name=\"description\" content=\"Feel your natural power. Lead from your center! Leadership Coaching brings you into your power and opens access to new resources.\" \/>\n<meta name=\"robots\" content=\"index, follow, max-snippet:-1, max-image-preview:large, max-video-preview:-1\" \/>\n<link rel=\"canonical\" href=\"https:\/\/embodied.berlin\/en\/leadership-coaching\/\" \/>\n<meta property=\"og:locale\" content=\"en_US\" \/>\n<meta property=\"og:type\" content=\"article\" \/>\n<meta property=\"og:title\" content=\"Leadership Coaching &#8226; Embodied.Berlin\" \/>\n<meta property=\"og:description\" content=\"Feel your natural power. Lead from your center! Leadership Coaching brings you into your power and opens access to new resources.\" \/>\n<meta property=\"og:url\" content=\"https:\/\/embodied.berlin\/en\/leadership-coaching\/\" \/>\n<meta property=\"og:site_name\" content=\"Embodied.Berlin\" \/>\n<meta property=\"article:publisher\" content=\"https:\/\/www.facebook.com\/Embodiedberlin-120219546202117\" \/>\n<meta property=\"article:modified_time\" content=\"2025-03-24T18:03:19+00:00\" \/>\n<meta property=\"og:image\" content=\"https:\/\/embodied.berlin\/wp-content\/uploads\/2020\/10\/200720_05137-1.jpg\" \/>\n\t<meta property=\"og:image:width\" content=\"2048\" \/>\n\t<meta property=\"og:image:height\" content=\"1365\" \/>\n\t<meta property=\"og:image:type\" content=\"image\/jpeg\" \/>\n<meta name=\"twitter:card\" content=\"summary_large_image\" \/>\n<meta name=\"twitter:label1\" content=\"Est. reading time\" \/>\n\t<meta name=\"twitter:data1\" content=\"1 minute\" \/>\n<script type=\"application\/ld+json\" class=\"yoast-schema-graph\">{\"@context\":\"https:\\\/\\\/schema.org\",\"@graph\":[{\"@type\":\"WebPage\",\"@id\":\"https:\\\/\\\/embodied.berlin\\\/en\\\/leadership-coaching\\\/\",\"url\":\"https:\\\/\\\/embodied.berlin\\\/en\\\/leadership-coaching\\\/\",\"name\":\"Leadership Coaching &#8226; Embodied.Berlin\",\"isPartOf\":{\"@id\":\"https:\\\/\\\/embodied.berlin\\\/en\\\/#website\"},\"primaryImageOfPage\":{\"@id\":\"https:\\\/\\\/embodied.berlin\\\/en\\\/leadership-coaching\\\/#primaryimage\"},\"image\":{\"@id\":\"https:\\\/\\\/embodied.berlin\\\/en\\\/leadership-coaching\\\/#primaryimage\"},\"thumbnailUrl\":\"https:\\\/\\\/embodied.berlin\\\/wp-content\\\/uploads\\\/2020\\\/10\\\/200720_05137-1.jpg\",\"datePublished\":\"2020-10-05T17:41:51+00:00\",\"dateModified\":\"2025-03-24T18:03:19+00:00\",\"description\":\"Feel your natural power. Lead from your center! Leadership Coaching brings you into your power and opens access to new resources.\",\"breadcrumb\":{\"@id\":\"https:\\\/\\\/embodied.berlin\\\/en\\\/leadership-coaching\\\/#breadcrumb\"},\"inLanguage\":\"en-US\",\"potentialAction\":[{\"@type\":\"ReadAction\",\"target\":[\"https:\\\/\\\/embodied.berlin\\\/en\\\/leadership-coaching\\\/\"]}]},{\"@type\":\"ImageObject\",\"inLanguage\":\"en-US\",\"@id\":\"https:\\\/\\\/embodied.berlin\\\/en\\\/leadership-coaching\\\/#primaryimage\",\"url\":\"https:\\\/\\\/embodied.berlin\\\/wp-content\\\/uploads\\\/2020\\\/10\\\/200720_05137-1.jpg\",\"contentUrl\":\"https:\\\/\\\/embodied.berlin\\\/wp-content\\\/uploads\\\/2020\\\/10\\\/200720_05137-1.jpg\",\"width\":2048,\"height\":1365},{\"@type\":\"BreadcrumbList\",\"@id\":\"https:\\\/\\\/embodied.berlin\\\/en\\\/leadership-coaching\\\/#breadcrumb\",\"itemListElement\":[{\"@type\":\"ListItem\",\"position\":1,\"name\":\"Startseite\",\"item\":\"https:\\\/\\\/embodied.berlin\\\/en\\\/\"},{\"@type\":\"ListItem\",\"position\":2,\"name\":\"Leadership Coaching\"}]},{\"@type\":\"WebSite\",\"@id\":\"https:\\\/\\\/embodied.berlin\\\/en\\\/#website\",\"url\":\"https:\\\/\\\/embodied.berlin\\\/en\\\/\",\"name\":\"Embodied.Berlin\",\"description\":\"Entdecke die Intelligenz  Deines K\u00f6rpers!\",\"publisher\":{\"@id\":\"https:\\\/\\\/embodied.berlin\\\/en\\\/#organization\"},\"potentialAction\":[{\"@type\":\"SearchAction\",\"target\":{\"@type\":\"EntryPoint\",\"urlTemplate\":\"https:\\\/\\\/embodied.berlin\\\/en\\\/?s={search_term_string}\"},\"query-input\":{\"@type\":\"PropertyValueSpecification\",\"valueRequired\":true,\"valueName\":\"search_term_string\"}}],\"inLanguage\":\"en-US\"},{\"@type\":\"Organization\",\"@id\":\"https:\\\/\\\/embodied.berlin\\\/en\\\/#organization\",\"name\":\"Embodied.Berlin\",\"url\":\"https:\\\/\\\/embodied.berlin\\\/en\\\/\",\"logo\":{\"@type\":\"ImageObject\",\"inLanguage\":\"en-US\",\"@id\":\"https:\\\/\\\/embodied.berlin\\\/en\\\/#\\\/schema\\\/logo\\\/image\\\/\",\"url\":\"https:\\\/\\\/embodied.berlin\\\/wp-content\\\/uploads\\\/2020\\\/10\\\/EB_logo.jpg\",\"contentUrl\":\"https:\\\/\\\/embodied.berlin\\\/wp-content\\\/uploads\\\/2020\\\/10\\\/EB_logo.jpg\",\"width\":1080,\"height\":1080,\"caption\":\"Embodied.Berlin\"},\"image\":{\"@id\":\"https:\\\/\\\/embodied.berlin\\\/en\\\/#\\\/schema\\\/logo\\\/image\\\/\"},\"sameAs\":[\"https:\\\/\\\/www.facebook.com\\\/Embodiedberlin-120219546202117\",\"https:\\\/\\\/www.instagram.com\\\/embodied.berlin\\\/\",\"https:\\\/\\\/www.linkedin.com\\\/in\\\/anna-paucher-cpcc-45a57670\\\/\"]}]}<\/script>\n<!-- \/ Yoast SEO plugin. -->","yoast_head_json":{"title":"Leadership Coaching &#8226; Embodied.Berlin","description":"Feel your natural power. Lead from your center! Leadership Coaching brings you into your power and opens access to new resources.","robots":{"index":"index","follow":"follow","max-snippet":"max-snippet:-1","max-image-preview":"max-image-preview:large","max-video-preview":"max-video-preview:-1"},"canonical":"https:\/\/embodied.berlin\/en\/leadership-coaching\/","og_locale":"en_US","og_type":"article","og_title":"Leadership Coaching &#8226; Embodied.Berlin","og_description":"Feel your natural power. Lead from your center! Leadership Coaching brings you into your power and opens access to new resources.","og_url":"https:\/\/embodied.berlin\/en\/leadership-coaching\/","og_site_name":"Embodied.Berlin","article_publisher":"https:\/\/www.facebook.com\/Embodiedberlin-120219546202117","article_modified_time":"2025-03-24T18:03:19+00:00","og_image":[{"width":2048,"height":1365,"url":"https:\/\/embodied.berlin\/wp-content\/uploads\/2020\/10\/200720_05137-1.jpg","type":"image\/jpeg"}],"twitter_card":"summary_large_image","twitter_misc":{"Est. reading time":"1 minute"},"schema":{"@context":"https:\/\/schema.org","@graph":[{"@type":"WebPage","@id":"https:\/\/embodied.berlin\/en\/leadership-coaching\/","url":"https:\/\/embodied.berlin\/en\/leadership-coaching\/","name":"Leadership Coaching &#8226; Embodied.Berlin","isPartOf":{"@id":"https:\/\/embodied.berlin\/en\/#website"},"primaryImageOfPage":{"@id":"https:\/\/embodied.berlin\/en\/leadership-coaching\/#primaryimage"},"image":{"@id":"https:\/\/embodied.berlin\/en\/leadership-coaching\/#primaryimage"},"thumbnailUrl":"https:\/\/embodied.berlin\/wp-content\/uploads\/2020\/10\/200720_05137-1.jpg","datePublished":"2020-10-05T17:41:51+00:00","dateModified":"2025-03-24T18:03:19+00:00","description":"Feel your natural power. Lead from your center! Leadership Coaching brings you into your power and opens access to new resources.","breadcrumb":{"@id":"https:\/\/embodied.berlin\/en\/leadership-coaching\/#breadcrumb"},"inLanguage":"en-US","potentialAction":[{"@type":"ReadAction","target":["https:\/\/embodied.berlin\/en\/leadership-coaching\/"]}]},{"@type":"ImageObject","inLanguage":"en-US","@id":"https:\/\/embodied.berlin\/en\/leadership-coaching\/#primaryimage","url":"https:\/\/embodied.berlin\/wp-content\/uploads\/2020\/10\/200720_05137-1.jpg","contentUrl":"https:\/\/embodied.berlin\/wp-content\/uploads\/2020\/10\/200720_05137-1.jpg","width":2048,"height":1365},{"@type":"BreadcrumbList","@id":"https:\/\/embodied.berlin\/en\/leadership-coaching\/#breadcrumb","itemListElement":[{"@type":"ListItem","position":1,"name":"Startseite","item":"https:\/\/embodied.berlin\/en\/"},{"@type":"ListItem","position":2,"name":"Leadership Coaching"}]},{"@type":"WebSite","@id":"https:\/\/embodied.berlin\/en\/#website","url":"https:\/\/embodied.berlin\/en\/","name":"Embodied.Berlin","description":"Entdecke die Intelligenz  Deines K\u00f6rpers!","publisher":{"@id":"https:\/\/embodied.berlin\/en\/#organization"},"potentialAction":[{"@type":"SearchAction","target":{"@type":"EntryPoint","urlTemplate":"https:\/\/embodied.berlin\/en\/?s={search_term_string}"},"query-input":{"@type":"PropertyValueSpecification","valueRequired":true,"valueName":"search_term_string"}}],"inLanguage":"en-US"},{"@type":"Organization","@id":"https:\/\/embodied.berlin\/en\/#organization","name":"Embodied.Berlin","url":"https:\/\/embodied.berlin\/en\/","logo":{"@type":"ImageObject","inLanguage":"en-US","@id":"https:\/\/embodied.berlin\/en\/#\/schema\/logo\/image\/","url":"https:\/\/embodied.berlin\/wp-content\/uploads\/2020\/10\/EB_logo.jpg","contentUrl":"https:\/\/embodied.berlin\/wp-content\/uploads\/2020\/10\/EB_logo.jpg","width":1080,"height":1080,"caption":"Embodied.Berlin"},"image":{"@id":"https:\/\/embodied.berlin\/en\/#\/schema\/logo\/image\/"},"sameAs":["https:\/\/www.facebook.com\/Embodiedberlin-120219546202117","https:\/\/www.instagram.com\/embodied.berlin\/","https:\/\/www.linkedin.com\/in\/anna-paucher-cpcc-45a57670\/"]}]}},"uagb_featured_image_src":{"full":["https:\/\/embodied.berlin\/wp-content\/uploads\/2020\/10\/200720_05137-1.jpg",2048,1365,false],"thumbnail":["https:\/\/embodied.berlin\/wp-content\/uploads\/2020\/10\/200720_05137-1-150x150.jpg",150,150,true],"medium":["https:\/\/embodied.berlin\/wp-content\/uploads\/2020\/10\/200720_05137-1-300x200.jpg",300,200,true],"medium_large":["https:\/\/embodied.berlin\/wp-content\/uploads\/2020\/10\/200720_05137-1-768x512.jpg",768,512,true],"large":["https:\/\/embodied.berlin\/wp-content\/uploads\/2020\/10\/200720_05137-1-1024x683.jpg",1024,683,true],"1536x1536":["https:\/\/embodied.berlin\/wp-content\/uploads\/2020\/10\/200720_05137-1-1536x1024.jpg",1536,1024,true],"2048x2048":["https:\/\/embodied.berlin\/wp-content\/uploads\/2020\/10\/200720_05137-1.jpg",2048,1365,false],"post-thumbnail":["https:\/\/embodied.berlin\/wp-content\/uploads\/2020\/10\/200720_05137-1-1200x800.jpg",1200,800,true],"twentytwenty-fullscreen":["https:\/\/embodied.berlin\/wp-content\/uploads\/2020\/10\/200720_05137-1-1980x1320.jpg",1980,1320,true]},"uagb_author_info":{"display_name":"Anna Paucher","author_link":"https:\/\/embodied.berlin\/en\/author\/anna\/"},"uagb_comment_info":0,"uagb_excerpt":". Leadership Coaching brings you into your power and opens access to new resources. In the sessions you explore concrete situations from your everyday life and work with the intelligence of my body. You connect physical, emotional and intellectual levels by consciously sensing your breath, words and body signals. While your thoughts often run in&hellip;","_links":{"self":[{"href":"https:\/\/embodied.berlin\/en\/wp-json\/wp\/v2\/pages\/404","targetHints":{"allow":["GET"]}}],"collection":[{"href":"https:\/\/embodied.berlin\/en\/wp-json\/wp\/v2\/pages"}],"about":[{"href":"https:\/\/embodied.berlin\/en\/wp-json\/wp\/v2\/types\/page"}],"author":[{"embeddable":true,"href":"https:\/\/embodied.berlin\/en\/wp-json\/wp\/v2\/users\/3"}],"replies":[{"embeddable":true,"href":"https:\/\/embodied.berlin\/en\/wp-json\/wp\/v2\/comments?post=404"}],"version-history":[{"count":50,"href":"https:\/\/embodied.berlin\/en\/wp-json\/wp\/v2\/pages\/404\/revisions"}],"predecessor-version":[{"id":1863,"href":"https:\/\/embodied.berlin\/en\/wp-json\/wp\/v2\/pages\/404\/revisions\/1863"}],"wp:featuredmedia":[{"embeddable":true,"href":"https:\/\/embodied.berlin\/en\/wp-json\/wp\/v2\/media\/518"}],"wp:attachment":[{"href":"https:\/\/embodied.berlin\/en\/wp-json\/wp\/v2\/media?parent=404"}],"curies":[{"name":"wp","href":"https:\/\/api.w.org\/{rel}","templated":true}]}}