{"id":403,"date":"2020-10-05T19:41:31","date_gmt":"2020-10-05T17:41:31","guid":{"rendered":"https:\/\/embodied.berlin\/embodied-meditation\/"},"modified":"2023-07-03T16:02:16","modified_gmt":"2023-07-03T14:02:16","slug":"body-meditation","status":"publish","type":"page","link":"https:\/\/embodied.berlin\/en\/body-meditation\/","title":{"rendered":"Body Meditation"},"content":{"rendered":"\n<div style=\"height:2em\" aria-hidden=\"true\" class=\"wp-block-spacer\"><\/div>\n\n\n\n<section class=\"wp-block-uagb-section uagb-section__wrap uagb-section__background-image alignfull uagb-block-17173af8\"><div class=\"uagb-section__overlay\"><\/div><div class=\"uagb-section__inner-wrap\"><\/div><\/section>\n\n\n\n<h2 class=\"has-text-align-center wp-block-heading\">Body Meditation: Honor your body!<\/h2>\n\n\n\n<p>During Body Meditation you learn to consciously perceive and understand the signals of your body. <\/p>\n\n\n\n<p>Body Meditation is a guided meditation. A typical Embodied Body session usually takes one and a half hours and can be done in person or online.<\/p>\n\n\n\n<p>After the meditation the head is free and the body is energized. New energies, ideas and insights can flow and be transformed into action. You feel present, balanced, and strengthened.<\/p>\n\n\n\n<div class=\"wp-block-group alignfull has-black-color has-white-background-color has-text-color has-background\"><div class=\"wp-block-group__inner-container is-layout-flow wp-block-group-is-layout-flow\">\n<div class=\"wp-block-group alignwide\"><div class=\"wp-block-group__inner-container is-layout-flow wp-block-group-is-layout-flow\">\n<section class=\"wp-block-uagb-section uagb-section__wrap uagb-section__background-color alignfull uagb-block-3abc0b85\"><div class=\"uagb-section__overlay\"><\/div><div class=\"uagb-section__inner-wrap\">\n<div class=\"wp-block-group\"><div class=\"wp-block-group__inner-container is-layout-flow wp-block-group-is-layout-flow\">\n<h2 class=\"wp-block-heading has-text-align-center has-black-color has-text-color\"><strong>Testimonials<\/strong><\/h2>\n\n\n\n\t\t\t<div class=\"wp-block-uagb-post-carousel uagb-post-grid  uagb-post__image-position-top uagb-post__image-disabled uagb-block-33c36839     uagb-post__arrow-outside uagb-slick-carousel uagb-post__items uagb-post__columns-1 is-carousel uagb-post__columns-tablet-2 uagb-post__columns-mobile-1\" data-total=\"2\" style=\"\">\n\n\t\t\t\t\t\t\t\t\t\t\t\t<article class=\"uagb-post__inner-wrap\">\t\t\t\t\t\t\t\t<div class='uagb-post__text uagb-post-grid-byline'>\n\t\t\t\t\t\t\t<\/div>\n\t\t\t\t\t\t\t<div class='uagb-post__text uagb-post__excerpt'>\n\t\t\t\t\t<!-- wp:paragraph {\"UAGDay\":[]} -->\n<p>&#8220;I worked with Anna for over 2 years. We grew from a startup to a company with over 200 employees, which substantially changed the requirements of me as a manager. Anna helped me along this path. She helped me to prepare for difficult situations in my everyday business life and to understand how to be precise and clear while at the same time empathetic and respectful. In addition, she helped me acknowledge and even appreciate my own shortcomings. I can fully recommend Anna to people who want to grow in high growth environments and who are not scared to be confronted with the things we&#8217;re usually trained to hide.&#8221;<\/p>\n<!-- \/wp:paragraph -->\n\n<!-- wp:paragraph -->\n<p>Steffen Kiedel, CFO and Managing Director<\/p>\n<!-- \/wp:paragraph -->\t\t\t\t<\/div>\n\t\t\t\n\t\t\t\t\t\t\t\t\t<\/article>\n\t\t\t\t\t\t\t\t\t\t\t\t\t\t\t\t<article class=\"uagb-post__inner-wrap\">\t\t\t\t\t\t\t\t<div class='uagb-post__text uagb-post-grid-byline'>\n\t\t\t\t\t\t\t<\/div>\n\t\t\t\t\t\t\t<div class='uagb-post__text uagb-post__excerpt'>\n\t\t\t\t\t<!-- wp:paragraph {\"UAGDay\":[]} -->\n<p>&#8220;Anna is an extraordinary person, first and foremost she is truly human. She has challenged and evolved my self-reflection capabilities and ultimately contributed to myself becoming a more balanced and effective leader. I can highly recommend Anna to any C-level leader. She is a great resource to count on, be it for getting an outside in perspective or helping with either self-reflection and\/or sorting thoughts and paving the way for the future.&#8221; <\/p>\n<!-- \/wp:paragraph -->\n\n<!-- wp:paragraph -->\n<p>Reto Sahli, Chief Digital- &amp; Information Officer<\/p>\n<!-- \/wp:paragraph -->\t\t\t\t<\/div>\n\t\t\t\n\t\t\t\t\t\t\t\t\t<\/article>\n\t\t\t\t\t\t\t\t\t\t\t\t\t\t\t\t<article class=\"uagb-post__inner-wrap\">\t\t\t\t\t\t\t\t<div class='uagb-post__text uagb-post-grid-byline'>\n\t\t\t\t\t\t\t<\/div>\n\t\t\t\t\t\t\t<div class='uagb-post__text uagb-post__excerpt'>\n\t\t\t\t\t<!-- wp:paragraph {\"UAGDay\":[]} -->\n<p>&#8220;Working with Anna helped me to deal with my day-to-day challenges and to strengthen my leadership skills. To regularly reflect on how I approach and experience certain situations with Anna helped me to explore different possible answers to specific and sometimes repeating challenges. I truly enjoyed the exchange with Anna and her coaching helped me to become a more confident and authentic leader.&#8221; <\/p>\n<!-- \/wp:paragraph -->\n\n<!-- wp:paragraph -->\n<p>Andreas Schmid, Head of Product<\/p>\n<!-- \/wp:paragraph -->\t\t\t\t<\/div>\n\t\t\t\n\t\t\t\t\t\t\t\t\t<\/article>\n\t\t\t\t\t\t\t\t\t\t\t\t\t\t\t\t<article class=\"uagb-post__inner-wrap\">\t\t\t\t\t\t\t\t<div class='uagb-post__text uagb-post-grid-byline'>\n\t\t\t\t\t\t\t<\/div>\n\t\t\t\t\t\t\t<div class='uagb-post__text uagb-post__excerpt'>\n\t\t\t\t\t<!-- wp:paragraph {\"UAGDay\":[]} -->\n<p>&#8220;I worked more than 4 years with Anna as a colleague and as a coach. I appreciate Anna&#8217;s emotional intelligence, her super quick comprehension and her empathy. Anna never stops, she continues to educate herself and tackles complex challenges holistically. Anna brings outstanding added value and works not only theoretically, but practically, holistically and uniquely. Working with Anna is a win for your carrier and your life as well.&#8221;<\/p>\n<!-- \/wp:paragraph -->\n\n<!-- wp:paragraph -->\n<p>Dima Beitzke, CSO&nbsp;<\/p>\n<!-- \/wp:paragraph -->\t\t\t\t<\/div>\n\t\t\t\n\t\t\t\t\t\t\t\t\t<\/article>\n\t\t\t\t\t\t\t\t\t\t\t\t\t\t\t\t<article class=\"uagb-post__inner-wrap\">\t\t\t\t\t\t\t\t<div class='uagb-post__text uagb-post-grid-byline'>\n\t\t\t\t\t\t\t<\/div>\n\t\t\t\t\t\t\t<div class='uagb-post__text uagb-post__excerpt'>\n\t\t\t\t\t<!-- wp:paragraph {\"UAGDay\":[]} -->\n<p>&#8220;Eine tolle Entdeckung. Ich habe gelernt: Wenn ich auf meinen K\u00f6rper h\u00f6re, f\u00e4llt es mir leichter, Entscheidungen zu treffen. Ein gutes K\u00f6rpergef\u00fchl hilft mir auch, klare Gedanken zu fassen. Genau dieses K\u00f6rpergef\u00fchl entsteht bei der Embodied Meditation.&#8221;<\/p>\n<!-- \/wp:paragraph -->\n\n<!-- wp:paragraph -->\n<p>J\u00f6rg Hunke, Journalist und Medientrainer\u00a0<\/p>\n<!-- \/wp:paragraph -->\t\t\t\t<\/div>\n\t\t\t\n\t\t\t\t\t\t\t\t\t<\/article>\n\t\t\t\t\t\t\t\t\t\t\t\t\t\t\t\t<article class=\"uagb-post__inner-wrap\">\t\t\t\t\t\t\t\t<div class='uagb-post__text uagb-post-grid-byline'>\n\t\t\t\t\t\t\t<\/div>\n\t\t\t\t\t\t\t<div class='uagb-post__text uagb-post__excerpt'>\n\t\t\t\t\t<!-- wp:paragraph {\"align\":\"center\",\"UAGDay\":[]} -->\n<p class=\"has-text-align-center\">&#8220;Ich komme wieder mehr in Kontakt mit mir, mit meinem K\u00f6rper. Wenn ich in Kontakt mit mir bin, f\u00fchle ich mich lebendiger und mehr in Balance. Ich kann besser sehen, was in meinem Innern passiert. Meine Sinne werden gesch\u00e4rft. Ich werde gelassener in meinem Alltag und kann meinen Mitmenschen offener und liebevoller begegnen.&#8221;<\/p>\n<!-- \/wp:paragraph -->\n\n<!-- wp:paragraph {\"align\":\"center\"} -->\n<p class=\"has-text-align-center\">Sebastian Spielhofer, Praxis f\u00fcr Osteopathie<\/p>\n<!-- \/wp:paragraph -->\t\t\t\t<\/div>\n\t\t\t\n\t\t\t\t\t\t\t\t\t<\/article>\n\t\t\t\t\t\t\t\t\t\t\t<\/div>\n\t\t\t<\/div><\/div>\n<\/div><\/section>\n<\/div><\/div>\n<\/div><\/div>\n\n\n\n<section class=\"wp-block-uagb-section uagb-section__wrap uagb-section__background-image alignfull uagb-block-f2194b1d\"><div class=\"uagb-section__overlay\"><\/div><div class=\"uagb-section__inner-wrap\"><\/div><\/section>\n\n\n\n<p><\/p>\n\n\n\n<p>I learn to listen to the signals of my body. Where do I feel tension and hold on tightly? Where do I feel open and relaxed? Which parts of my body can I sense well? What thoughts and feelings do I notice when I focus on my breath? What happens when I follow intuitive movements of my body? <\/p>\n\n\n\n<blockquote class=\"wp-block-quote is-layout-flow wp-block-quote-is-layout-flow\">\n<h2 class=\"wp-block-heading\">In the body thoughts and feelings come into motion<\/h2>\n<\/blockquote>\n\n\n\n<p>My head immediately wants to evaluate, fix and change &#8220;unpleasant&#8221; states. In Embodied Meditation I learn how many different, even seemingly contradictory sensations have space in my body. I can perceive more, and stay present with what is. Thoughts and emotions come into motion, my perspective widens, I can let go of old patterns and see new connections.<\/p>\n\n\n\n<div style=\"height:1em\" aria-hidden=\"true\" class=\"wp-block-spacer\"><\/div>\n\n\n\n<div class=\"wp-block-group alignfull has-black-color has-white-background-color has-text-color has-background\"><div class=\"wp-block-group__inner-container is-layout-flow wp-block-group-is-layout-flow\">\n<h2 class=\"has-text-align-center wp-block-heading\">Try out Body Mediation!<\/h2>\n\n\n\n<div class=\"wpcf7 no-js\" id=\"wpcf7-f559-o1\" lang=\"en-US\" dir=\"ltr\" data-wpcf7-id=\"559\">\n<div class=\"screen-reader-response\"><p role=\"status\" aria-live=\"polite\" aria-atomic=\"true\"><\/p> <ul><\/ul><\/div>\n<form action=\"\/en\/wp-json\/wp\/v2\/pages\/403#wpcf7-f559-o1\" method=\"post\" class=\"wpcf7-form init\" aria-label=\"Contact form\" novalidate=\"novalidate\" data-status=\"init\">\n<fieldset class=\"hidden-fields-container\"><input type=\"hidden\" name=\"_wpcf7\" value=\"559\" \/><input type=\"hidden\" name=\"_wpcf7_version\" value=\"6.1.5\" \/><input type=\"hidden\" name=\"_wpcf7_locale\" value=\"en_US\" \/><input type=\"hidden\" name=\"_wpcf7_unit_tag\" value=\"wpcf7-f559-o1\" \/><input type=\"hidden\" name=\"_wpcf7_container_post\" value=\"0\" \/><input type=\"hidden\" name=\"_wpcf7_posted_data_hash\" value=\"\" \/><input type=\"hidden\" name=\"_wpcf7_recaptcha_response\" value=\"\" \/>\n<\/fieldset>\n<p><label><span class=\"wpcf7-form-control-wrap\" data-name=\"a_name\"><input size=\"40\" maxlength=\"400\" class=\"wpcf7-form-control wpcf7-text wpcf7-validates-as-required\" aria-required=\"true\" aria-invalid=\"false\" placeholder=\"Name\" value=\"\" type=\"text\" name=\"a_name\" \/><\/span><\/label><label><span class=\"wpcf7-form-control-wrap\" data-name=\"email\"><input size=\"40\" maxlength=\"400\" class=\"wpcf7-form-control wpcf7-email wpcf7-validates-as-required wpcf7-text wpcf7-validates-as-email\" aria-required=\"true\" aria-invalid=\"false\" placeholder=\"Email\" value=\"\" type=\"email\" name=\"email\" \/><\/span><\/label><label><span class=\"wpcf7-form-control-wrap\" data-name=\"Mitteilung\"><textarea cols=\"40\" rows=\"10\" maxlength=\"2000\" class=\"wpcf7-form-control wpcf7-textarea\" aria-invalid=\"false\" placeholder=\"Message\" name=\"Mitteilung\"><\/textarea><\/span><\/label><input class=\"wpcf7-form-control wpcf7-submit has-spinner\" type=\"submit\" value=\"Contact Now\" \/>\n<\/p><div class=\"wpcf7-response-output\" aria-hidden=\"true\"><\/div>\n<\/form>\n<\/div>\n\n<\/div><\/div>\n","protected":false},"excerpt":{"rendered":"<p>Body Meditation: Honor your body! During Body Meditation you learn to consciously perceive and understand the signals of your body. Body Meditation is a guided meditation. A typical Embodied Body session usually takes one and a half hours and can be done in person or online. After the meditation the head is free and the [&hellip;]<\/p>\n","protected":false},"author":3,"featured_media":1775,"parent":0,"menu_order":0,"comment_status":"closed","ping_status":"closed","template":"templates\/template-cover-notitle.php","meta":{"_uag_custom_page_level_css":"","footnotes":""},"class_list":["post-403","page","type-page","status-publish","has-post-thumbnail","hentry"],"yoast_head":"<!-- This site is optimized with the Yoast SEO plugin v27.3 - https:\/\/yoast.com\/product\/yoast-seo-wordpress\/ -->\n<title>Body Meditation &#8226; Embodied.Berlin<\/title>\n<meta name=\"description\" content=\"Body Meditation is a practice of conscious connection of body with emotionality and spirituality of who you are.\" \/>\n<meta name=\"robots\" content=\"index, follow, max-snippet:-1, max-image-preview:large, max-video-preview:-1\" \/>\n<link rel=\"canonical\" href=\"https:\/\/embodied.berlin\/en\/body-meditation\/\" \/>\n<meta property=\"og:locale\" content=\"en_US\" \/>\n<meta property=\"og:type\" content=\"article\" \/>\n<meta property=\"og:title\" content=\"Body Meditation &#8226; Embodied.Berlin\" \/>\n<meta property=\"og:description\" content=\"Body Meditation is a practice of conscious connection of body with emotionality and spirituality of who you are.\" \/>\n<meta property=\"og:url\" content=\"https:\/\/embodied.berlin\/en\/body-meditation\/\" \/>\n<meta property=\"og:site_name\" content=\"Embodied.Berlin\" \/>\n<meta property=\"article:publisher\" content=\"https:\/\/www.facebook.com\/Embodiedberlin-120219546202117\" \/>\n<meta property=\"article:modified_time\" content=\"2023-07-03T14:02:16+00:00\" \/>\n<meta property=\"og:image\" content=\"https:\/\/embodied.berlin\/wp-content\/uploads\/2020\/10\/200720_05137-1.jpg\" \/>\n\t<meta property=\"og:image:width\" content=\"2048\" \/>\n\t<meta property=\"og:image:height\" content=\"1365\" \/>\n\t<meta property=\"og:image:type\" content=\"image\/jpeg\" \/>\n<meta name=\"twitter:card\" content=\"summary_large_image\" \/>\n<meta name=\"twitter:label1\" content=\"Est. reading time\" \/>\n\t<meta name=\"twitter:data1\" content=\"2 minutes\" \/>\n<script type=\"application\/ld+json\" class=\"yoast-schema-graph\">{\"@context\":\"https:\\\/\\\/schema.org\",\"@graph\":[{\"@type\":\"WebPage\",\"@id\":\"https:\\\/\\\/embodied.berlin\\\/en\\\/body-meditation\\\/\",\"url\":\"https:\\\/\\\/embodied.berlin\\\/en\\\/body-meditation\\\/\",\"name\":\"Body Meditation &#8226; Embodied.Berlin\",\"isPartOf\":{\"@id\":\"https:\\\/\\\/embodied.berlin\\\/en\\\/#website\"},\"primaryImageOfPage\":{\"@id\":\"https:\\\/\\\/embodied.berlin\\\/en\\\/body-meditation\\\/#primaryimage\"},\"image\":{\"@id\":\"https:\\\/\\\/embodied.berlin\\\/en\\\/body-meditation\\\/#primaryimage\"},\"thumbnailUrl\":\"https:\\\/\\\/embodied.berlin\\\/wp-content\\\/uploads\\\/2023\\\/06\\\/Meditation2-scaled.jpg\",\"datePublished\":\"2020-10-05T17:41:31+00:00\",\"dateModified\":\"2023-07-03T14:02:16+00:00\",\"description\":\"Body Meditation is a practice of conscious connection of body with emotionality and spirituality of who you are.\",\"breadcrumb\":{\"@id\":\"https:\\\/\\\/embodied.berlin\\\/en\\\/body-meditation\\\/#breadcrumb\"},\"inLanguage\":\"en-US\",\"potentialAction\":[{\"@type\":\"ReadAction\",\"target\":[\"https:\\\/\\\/embodied.berlin\\\/en\\\/body-meditation\\\/\"]}]},{\"@type\":\"ImageObject\",\"inLanguage\":\"en-US\",\"@id\":\"https:\\\/\\\/embodied.berlin\\\/en\\\/body-meditation\\\/#primaryimage\",\"url\":\"https:\\\/\\\/embodied.berlin\\\/wp-content\\\/uploads\\\/2023\\\/06\\\/Meditation2-scaled.jpg\",\"contentUrl\":\"https:\\\/\\\/embodied.berlin\\\/wp-content\\\/uploads\\\/2023\\\/06\\\/Meditation2-scaled.jpg\",\"width\":2560,\"height\":1703},{\"@type\":\"BreadcrumbList\",\"@id\":\"https:\\\/\\\/embodied.berlin\\\/en\\\/body-meditation\\\/#breadcrumb\",\"itemListElement\":[{\"@type\":\"ListItem\",\"position\":1,\"name\":\"Startseite\",\"item\":\"https:\\\/\\\/embodied.berlin\\\/en\\\/\"},{\"@type\":\"ListItem\",\"position\":2,\"name\":\"Body Meditation\"}]},{\"@type\":\"WebSite\",\"@id\":\"https:\\\/\\\/embodied.berlin\\\/en\\\/#website\",\"url\":\"https:\\\/\\\/embodied.berlin\\\/en\\\/\",\"name\":\"Embodied.Berlin\",\"description\":\"Entdecke die Intelligenz  Deines K\u00f6rpers!\",\"publisher\":{\"@id\":\"https:\\\/\\\/embodied.berlin\\\/en\\\/#organization\"},\"potentialAction\":[{\"@type\":\"SearchAction\",\"target\":{\"@type\":\"EntryPoint\",\"urlTemplate\":\"https:\\\/\\\/embodied.berlin\\\/en\\\/?s={search_term_string}\"},\"query-input\":{\"@type\":\"PropertyValueSpecification\",\"valueRequired\":true,\"valueName\":\"search_term_string\"}}],\"inLanguage\":\"en-US\"},{\"@type\":\"Organization\",\"@id\":\"https:\\\/\\\/embodied.berlin\\\/en\\\/#organization\",\"name\":\"Embodied.Berlin\",\"url\":\"https:\\\/\\\/embodied.berlin\\\/en\\\/\",\"logo\":{\"@type\":\"ImageObject\",\"inLanguage\":\"en-US\",\"@id\":\"https:\\\/\\\/embodied.berlin\\\/en\\\/#\\\/schema\\\/logo\\\/image\\\/\",\"url\":\"https:\\\/\\\/embodied.berlin\\\/wp-content\\\/uploads\\\/2020\\\/10\\\/EB_logo.jpg\",\"contentUrl\":\"https:\\\/\\\/embodied.berlin\\\/wp-content\\\/uploads\\\/2020\\\/10\\\/EB_logo.jpg\",\"width\":1080,\"height\":1080,\"caption\":\"Embodied.Berlin\"},\"image\":{\"@id\":\"https:\\\/\\\/embodied.berlin\\\/en\\\/#\\\/schema\\\/logo\\\/image\\\/\"},\"sameAs\":[\"https:\\\/\\\/www.facebook.com\\\/Embodiedberlin-120219546202117\",\"https:\\\/\\\/www.instagram.com\\\/embodied.berlin\\\/\",\"https:\\\/\\\/www.linkedin.com\\\/in\\\/anna-paucher-cpcc-45a57670\\\/\"]}]}<\/script>\n<!-- \/ Yoast SEO plugin. -->","yoast_head_json":{"title":"Body Meditation &#8226; Embodied.Berlin","description":"Body Meditation is a practice of conscious connection of body with emotionality and spirituality of who you are.","robots":{"index":"index","follow":"follow","max-snippet":"max-snippet:-1","max-image-preview":"max-image-preview:large","max-video-preview":"max-video-preview:-1"},"canonical":"https:\/\/embodied.berlin\/en\/body-meditation\/","og_locale":"en_US","og_type":"article","og_title":"Body Meditation &#8226; Embodied.Berlin","og_description":"Body Meditation is a practice of conscious connection of body with emotionality and spirituality of who you are.","og_url":"https:\/\/embodied.berlin\/en\/body-meditation\/","og_site_name":"Embodied.Berlin","article_publisher":"https:\/\/www.facebook.com\/Embodiedberlin-120219546202117","article_modified_time":"2023-07-03T14:02:16+00:00","og_image":[{"width":2048,"height":1365,"url":"https:\/\/embodied.berlin\/wp-content\/uploads\/2020\/10\/200720_05137-1.jpg","type":"image\/jpeg"}],"twitter_card":"summary_large_image","twitter_misc":{"Est. reading time":"2 minutes"},"schema":{"@context":"https:\/\/schema.org","@graph":[{"@type":"WebPage","@id":"https:\/\/embodied.berlin\/en\/body-meditation\/","url":"https:\/\/embodied.berlin\/en\/body-meditation\/","name":"Body Meditation &#8226; Embodied.Berlin","isPartOf":{"@id":"https:\/\/embodied.berlin\/en\/#website"},"primaryImageOfPage":{"@id":"https:\/\/embodied.berlin\/en\/body-meditation\/#primaryimage"},"image":{"@id":"https:\/\/embodied.berlin\/en\/body-meditation\/#primaryimage"},"thumbnailUrl":"https:\/\/embodied.berlin\/wp-content\/uploads\/2023\/06\/Meditation2-scaled.jpg","datePublished":"2020-10-05T17:41:31+00:00","dateModified":"2023-07-03T14:02:16+00:00","description":"Body Meditation is a practice of conscious connection of body with emotionality and spirituality of who you are.","breadcrumb":{"@id":"https:\/\/embodied.berlin\/en\/body-meditation\/#breadcrumb"},"inLanguage":"en-US","potentialAction":[{"@type":"ReadAction","target":["https:\/\/embodied.berlin\/en\/body-meditation\/"]}]},{"@type":"ImageObject","inLanguage":"en-US","@id":"https:\/\/embodied.berlin\/en\/body-meditation\/#primaryimage","url":"https:\/\/embodied.berlin\/wp-content\/uploads\/2023\/06\/Meditation2-scaled.jpg","contentUrl":"https:\/\/embodied.berlin\/wp-content\/uploads\/2023\/06\/Meditation2-scaled.jpg","width":2560,"height":1703},{"@type":"BreadcrumbList","@id":"https:\/\/embodied.berlin\/en\/body-meditation\/#breadcrumb","itemListElement":[{"@type":"ListItem","position":1,"name":"Startseite","item":"https:\/\/embodied.berlin\/en\/"},{"@type":"ListItem","position":2,"name":"Body Meditation"}]},{"@type":"WebSite","@id":"https:\/\/embodied.berlin\/en\/#website","url":"https:\/\/embodied.berlin\/en\/","name":"Embodied.Berlin","description":"Entdecke die Intelligenz  Deines K\u00f6rpers!","publisher":{"@id":"https:\/\/embodied.berlin\/en\/#organization"},"potentialAction":[{"@type":"SearchAction","target":{"@type":"EntryPoint","urlTemplate":"https:\/\/embodied.berlin\/en\/?s={search_term_string}"},"query-input":{"@type":"PropertyValueSpecification","valueRequired":true,"valueName":"search_term_string"}}],"inLanguage":"en-US"},{"@type":"Organization","@id":"https:\/\/embodied.berlin\/en\/#organization","name":"Embodied.Berlin","url":"https:\/\/embodied.berlin\/en\/","logo":{"@type":"ImageObject","inLanguage":"en-US","@id":"https:\/\/embodied.berlin\/en\/#\/schema\/logo\/image\/","url":"https:\/\/embodied.berlin\/wp-content\/uploads\/2020\/10\/EB_logo.jpg","contentUrl":"https:\/\/embodied.berlin\/wp-content\/uploads\/2020\/10\/EB_logo.jpg","width":1080,"height":1080,"caption":"Embodied.Berlin"},"image":{"@id":"https:\/\/embodied.berlin\/en\/#\/schema\/logo\/image\/"},"sameAs":["https:\/\/www.facebook.com\/Embodiedberlin-120219546202117","https:\/\/www.instagram.com\/embodied.berlin\/","https:\/\/www.linkedin.com\/in\/anna-paucher-cpcc-45a57670\/"]}]}},"uagb_featured_image_src":{"full":["https:\/\/embodied.berlin\/wp-content\/uploads\/2023\/06\/Meditation2-scaled.jpg",2560,1703,false],"thumbnail":["https:\/\/embodied.berlin\/wp-content\/uploads\/2023\/06\/Meditation2-150x150.jpg",150,150,true],"medium":["https:\/\/embodied.berlin\/wp-content\/uploads\/2023\/06\/Meditation2-300x200.jpg",300,200,true],"medium_large":["https:\/\/embodied.berlin\/wp-content\/uploads\/2023\/06\/Meditation2-768x511.jpg",768,511,true],"large":["https:\/\/embodied.berlin\/wp-content\/uploads\/2023\/06\/Meditation2-1024x681.jpg",1024,681,true],"1536x1536":["https:\/\/embodied.berlin\/wp-content\/uploads\/2023\/06\/Meditation2-1536x1022.jpg",1536,1022,true],"2048x2048":["https:\/\/embodied.berlin\/wp-content\/uploads\/2023\/06\/Meditation2-2048x1362.jpg",2048,1362,true],"post-thumbnail":["https:\/\/embodied.berlin\/wp-content\/uploads\/2023\/06\/Meditation2-1200x798.jpg",1200,798,true],"twentytwenty-fullscreen":["https:\/\/embodied.berlin\/wp-content\/uploads\/2023\/06\/Meditation2-1980x1317.jpg",1980,1317,true]},"uagb_author_info":{"display_name":"Anna Paucher","author_link":"https:\/\/embodied.berlin\/en\/author\/anna\/"},"uagb_comment_info":0,"uagb_excerpt":"Body Meditation: Honor your body! During Body Meditation you learn to consciously perceive and understand the signals of your body. Body Meditation is a guided meditation. A typical Embodied Body session usually takes one and a half hours and can be done in person or online. After the meditation the head is free and the&hellip;","_links":{"self":[{"href":"https:\/\/embodied.berlin\/en\/wp-json\/wp\/v2\/pages\/403","targetHints":{"allow":["GET"]}}],"collection":[{"href":"https:\/\/embodied.berlin\/en\/wp-json\/wp\/v2\/pages"}],"about":[{"href":"https:\/\/embodied.berlin\/en\/wp-json\/wp\/v2\/types\/page"}],"author":[{"embeddable":true,"href":"https:\/\/embodied.berlin\/en\/wp-json\/wp\/v2\/users\/3"}],"replies":[{"embeddable":true,"href":"https:\/\/embodied.berlin\/en\/wp-json\/wp\/v2\/comments?post=403"}],"version-history":[{"count":57,"href":"https:\/\/embodied.berlin\/en\/wp-json\/wp\/v2\/pages\/403\/revisions"}],"predecessor-version":[{"id":1868,"href":"https:\/\/embodied.berlin\/en\/wp-json\/wp\/v2\/pages\/403\/revisions\/1868"}],"wp:featuredmedia":[{"embeddable":true,"href":"https:\/\/embodied.berlin\/en\/wp-json\/wp\/v2\/media\/1775"}],"wp:attachment":[{"href":"https:\/\/embodied.berlin\/en\/wp-json\/wp\/v2\/media?parent=403"}],"curies":[{"name":"wp","href":"https:\/\/api.w.org\/{rel}","templated":true}]}}