{"id":2098,"date":"2024-07-31T07:45:12","date_gmt":"2024-07-31T05:45:12","guid":{"rendered":"https:\/\/embodied.berlin\/empowerment\/"},"modified":"2024-12-10T21:26:21","modified_gmt":"2024-12-10T20:26:21","slug":"empowerment","status":"publish","type":"page","link":"https:\/\/embodied.berlin\/en\/empowerment\/","title":{"rendered":"Empowerment"},"content":{"rendered":"\n<section class=\"wp-block-uagb-section uagb-section__wrap uagb-section__background-image alignfull uagb-block-c50a4178\"><div class=\"uagb-section__overlay\"><\/div><div class=\"uagb-section__inner-wrap\">\n<div style=\"height:100px\" aria-hidden=\"true\" class=\"wp-block-spacer\"><\/div>\n<\/div><\/section>\n\n\n\n<h2 class=\"has-text-align-center wp-block-heading\">Empowerment<\/h2>\n\n\n\n<p>Die Montags.Power mit Anna und Ira ist der Powerkick f\u00fcr Menschen, die<\/p>\n\n\n\n<p>&#8211; sich selbst oder andere f\u00fchren<\/p>\n\n\n\n<p>&#8211; ihre F\u00fchrungstheorie von heute in ihre F\u00fchrungspraxis von morgen verwandeln wollen<\/p>\n\n\n\n<p>&#8211; wissen, dass F\u00fchrung bei sich selbst beginnt<\/p>\n\n\n\n<p>&#8211; Freude und frische Energie in ihren (Berufs-)Alltag mitnehmen wollen<\/p>\n\n\n\n<p>Einmal im Monat laden wir ausgew\u00e4hlte F\u00fchrungs-Pers\u00f6nlichkeiten ein, rund 15 Minuten \u00fcber ihre (Selbst-)Wirksamkeit und individuelle Erfahrung im jeweiligen Verantwortungsbereich zu sprechen.<\/p>\n\n\n\n<p>Nach diesem Impuls geht es eine Stunde lang in Praxis-\u00dcbungen, um die Inspiration unmittelbar in konkretes Handeln zu \u00fcbersetzen.&nbsp;<\/p>\n\n\n\n<p>Wir arbeiten mit Elementen aus Psychologie, Executive Coaching und K\u00f6rperwissen. Und nat\u00fcrlich mit viel Herz, Hirn und Humor.&nbsp;<\/p>\n\n\n\n<p>Das Format findet online statt und dauert 90 Minuten. <br>Die Teilnahmegeb\u00fchr betr\u00e4gt 100,00 Euro zzgl. MwSt.<\/p>\n\n\n\n<div style=\"height:1rem\" aria-hidden=\"true\" class=\"wp-block-spacer\"><\/div>\n\n\n\n<p><\/p>\n\n\n\n<p><strong><strong>10.02.2025 18:00 \u2013 19:30 Uhr<br>mit Beate Tomczak, Texterin und LinkedIn-Strategin<br>Kursleitung Anna Paucher &amp; Ira Schmalbrock<\/strong><\/strong><\/p>\n\n\n\n<p><em>1.000.000-Dollar-Frage: Ist Kundengewinnung wirklich so ein harter Kampf, oder f\u00fchlt sie sich f\u00fcr uns nur so an, weil wir bereits mit \u201eDas wird anstrengend!\u201c im Kopf starten?&nbsp;<\/em><\/p>\n\n\n\n<p><em>Was, wenn wir uns f\u00fcr mehr Optimismus, Leichtigkeit und ja, vielleicht sogar ein wenig Naivit\u00e4t \u00f6ffnen? Wird dann alles leichter? Oder schlittern wir mit voller Fahrt in den Abgrund?<\/em><\/p>\n\n\n\n<p><em>Beate Tomczak berichtet uns, wie sie abseits von Methoden und \u201erichtigen\u201c Ratschl\u00e4gen, sondern mit ihrem ureigenen Mix aus Fachexpertise, Bodenst\u00e4ndigkeit und unkaputtbarem Grundoptimismus einen stabilen Kundenfluss aufbauen und halten konnte.&nbsp;<\/em><\/p>\n\n\n\n<p><em>Das \u201eEinfach-mal-Machen\u201c hat ihr wichtige T\u00fcren ge\u00f6ffnet \u2013 ganz ohne Verzweiflung oder die Sorge, dass alles schiefgehen k\u00f6nnte. Und das Beste daran: Du kannst das f\u00fcr Dich adaptieren und in Deine einzigartige Praxis umsetzen!<\/em><\/p>\n\n\n\n<p><em>Komm vorbei, wenn Du neugierig bist, wie Selbstst\u00e4ndigkeit leichter, humorvoller und weniger angsteinfl\u00f6\u00dfend sein kann \u2013 egal, ob Du Kunden gewinnen, Teams f\u00fchren oder neue Projekte starten willst.&nbsp;<\/em><\/p>\n\n\n\n<p><\/p>\n\n\n\n<p><strong>10.03.2025 18:00 &#8211; 19:30 Uhr<br><strong>mit Lucas B\u00f6se, Unternehmer und stotternder Designer<br>Kursleitung Anna Paucher &amp; Ira Schmalbrock<\/strong><\/strong><\/p>\n\n\n\n<p><em>Wie w\u00e4re es, wenn deine gr\u00f6sste Schw\u00e4che deine St\u00e4rke ist? Vielleicht sogar der Schl\u00fcssel zu deinem Erfolg?<\/em> <em>Was wir mit viel M\u00fche vor den Augen der Welt zu verbergen versuchen, genau das kann sich als echter Schatz entpuppen.&nbsp;<\/em> <em>Beispiel gef\u00e4llig?<\/em><\/p>\n\n\n\n<p><em>Lucas B\u00f6se stottert seit seiner Geburt. Als Kind hasst er sein Handicap wie einen Feind, der ihm das Leben furchtbar schwer macht.<\/em> <em>Lange versucht Lucas, sein Stottern zu verstecken. Er ist still, meidet schwierige Gespr\u00e4chssituationen oder beschr\u00e4nkt sich auf Worte, die f\u00fcr ihn leichter auszusprechen sind.<\/em><\/p>\n\n\n\n<p><em>Heute ist Lucas 30 Jahre alt. Er hat sehr erfolgreich sein eigenes Unternehmen als stotternder Designer gegr\u00fcndet. F\u00fcr alle sichtbar. Seine gr\u00f6\u00dfte Schw\u00e4che wurde zu seinem USP und Freund.<\/em><\/p>\n\n\n\n<p><em>Hohe Reichweite, aktive Community und Corporate Kunden, die ihn gern beauftragen und weiter empfehlen sind das Ergebnis nach gut einem Jahr Positionierung auf LinkedIn.<\/em><\/p>\n\n\n\n<p><em>In seinem Impuls spricht Lucas \u00fcber die Zahlen und erz\u00e4hlt, wie es ist, mit eigener Schw\u00e4che \u00f6ffentlich aufzutreten und dazu zu stehen.<\/em><\/p>\n\n\n\n<p><em>Er sagt: &#8220;Stottern ist nicht mehr mein F-F-Feind&#8221;. Und: &#8220;Viele suchen ewig nach ihrem USP. Meinen gab es zur Geburt dazu. For free!&#8221;<\/em><\/p>\n\n\n\n<p><\/p>\n\n\n\n<p><strong>BEREITS STATTGEFUNDEN:<\/strong><\/p>\n\n\n\n<p><strong>09.12.2024 18:00 &#8211; 19:30 Uhr<br>&#8220;If you want to move it, move it&#8221; mit<br>Nancy Wayland, CEO Wayland Consulting GmbH<br>Kursleitung Anna Paucher &amp; Ira Schmalbrock<\/strong><\/p>\n\n\n\n<p><em>Wie bringe ich Change in verwaltungsnahe Strukturen, die am liebsten alles beim Alten lassen wollen? Die sich durch einen hohen Grad an Sicherheit und eine geringe Risikobereitschaft auszeichnen?<\/em><\/p>\n\n\n\n<p><em>Von der digitalen Unternehmenstransformation &#8211; die sogar mit einem Digital Economy Award ausgezeichnet wurde &#8211;&nbsp; und ihrem Weg dahin, davon berichtet Nancy Wayland. Sie hat \u00fcber acht Jahre als CEO eine Schweizer Sozialversicherungsanstalt mit 500 Mitarbeitenden geleitet und modernisiert, die j\u00e4hrlich 2.8 Milliarden CHF an Versicherungsleistungen ausbezahlt hat.<\/em><\/p>\n\n\n\n<p><em>Neben neuer Kundenausrichtung und New-Work-Ans\u00e4tzen erreichte Nancy einen echten Kulturwandel. Wie es ihr gelang? Mit einem Move, der zu einer ultimativen CEO-Auszeichnung wurde.<\/em><\/p>\n\n\n\n<p><\/p>\n\n\n\n<p><strong>25.11.2024<\/strong> <strong> 18:00 &#8211; 19:30 Uhr<\/strong> <br><strong>&#8220;Von der Idee in die zirkul\u00e4re Zukunft&#8221;<\/strong> <strong>mit<\/strong><br><strong>Talke Schaffrannek, Director Circular Economy BASF&nbsp;<br>Kursleitung Anna Paucher &amp; Ira Schmalbrock<\/strong><\/p>\n\n\n\n<p><em>Wie schaffe ich es, aus einer Idee ein strategisch relevantes Gesch\u00e4ftsfeld nachhaltig zu etablieren und dabei die unterschiedlichsten Menschen und Stakeholder mitzunehmen?<\/em><\/p>\n\n\n\n<p><em>Am Beispiel von Kreislaufwirtschaft und Nachhaltigkeit erz\u00e4hlt Talke Schaffrannek, Leiterin des Circular Economy Strategieteams der BASF, wie es ihr gelingt, Mitarbeiter:innen \u00fcber verschiedene Hierarchie-Ebenen hinweg in die Entwicklung der zirkul\u00e4ren Zukunft miteinzubeziehen und das Feuer der Begeisterung nachhaltig am Leben zu erhalten.<\/em><\/p>\n\n\n\n<p><em>Ihr Ansatz der F\u00fchrung &#8211; Diversit\u00e4t, Strategie, Pers\u00f6nlichkeit und Inspiration &#8211; ist das, was das anf\u00e4nglich zarte Pfl\u00e4nzchen zum starken und nachhaltig erfolgreichen Wachstum gebracht hat.<\/em><\/p>\n\n\n\n<div class=\"wp-block-group alignfull has-black-color has-white-background-color has-text-color has-background\"><div class=\"wp-block-group__inner-container is-layout-flow wp-block-group-is-layout-flow\">\n<h2 class=\"has-text-align-center wp-block-heading\">Anmeldung<\/h2>\n\n\n\n<div class=\"wp-block-contact-form-7-contact-form-selector\">\n<div class=\"wpcf7 no-js\" id=\"wpcf7-f2009-o1\" lang=\"de-DE\" dir=\"ltr\" data-wpcf7-id=\"2009\">\n<div class=\"screen-reader-response\"><p role=\"status\" aria-live=\"polite\" aria-atomic=\"true\"><\/p> <ul><\/ul><\/div>\n<form action=\"\/en\/wp-json\/wp\/v2\/pages\/2098#wpcf7-f2009-o1\" method=\"post\" class=\"wpcf7-form init\" aria-label=\"Kontaktformular\" novalidate=\"novalidate\" data-status=\"init\">\n<fieldset class=\"hidden-fields-container\"><input type=\"hidden\" name=\"_wpcf7\" value=\"2009\" \/><input type=\"hidden\" name=\"_wpcf7_version\" value=\"6.1.5\" \/><input type=\"hidden\" name=\"_wpcf7_locale\" value=\"de_DE\" \/><input type=\"hidden\" name=\"_wpcf7_unit_tag\" value=\"wpcf7-f2009-o1\" \/><input type=\"hidden\" name=\"_wpcf7_container_post\" value=\"0\" \/><input type=\"hidden\" name=\"_wpcf7_posted_data_hash\" value=\"\" \/><input type=\"hidden\" name=\"_wpcf7_recaptcha_response\" value=\"\" \/>\n<\/fieldset>\n<p><span id=\"wpcf7-69e45c567e040-wrapper\" class=\"wpcf7-form-control-wrap miel-wrap\" style=\"display:none !important; visibility:hidden !important;\"><input type=\"hidden\" name=\"miel-time-start\" value=\"1776573526\"><input type=\"hidden\" name=\"miel-time-check\" value=\"2\"><label for=\"wpcf7-69e45c567e040-field\" class=\"hp-message\">Bitte lasse dieses Feld leer.<\/label><input id=\"wpcf7-69e45c567e040-field\"  class=\"wpcf7-form-control wpcf7-text\" type=\"text\" name=\"miel\" value=\"\" size=\"40\" tabindex=\"-1\" autocomplete=\"new-password\" \/><\/span><label><span class=\"wpcf7-form-control-wrap\" data-name=\"vorname\"><input size=\"40\" maxlength=\"400\" class=\"wpcf7-form-control wpcf7-text wpcf7-validates-as-required\" aria-required=\"true\" aria-invalid=\"false\" placeholder=\"Vorname*\" value=\"\" type=\"text\" name=\"vorname\" \/><\/span><\/label><label><span class=\"wpcf7-form-control-wrap\" data-name=\"nachname\"><input size=\"40\" maxlength=\"400\" class=\"wpcf7-form-control wpcf7-text wpcf7-validates-as-required\" aria-required=\"true\" aria-invalid=\"false\" placeholder=\"Nachname*\" value=\"\" type=\"text\" name=\"nachname\" \/><\/span><\/label><label><span class=\"wpcf7-form-control-wrap\" data-name=\"email\"><input size=\"40\" maxlength=\"400\" class=\"wpcf7-form-control wpcf7-email wpcf7-validates-as-required wpcf7-text wpcf7-validates-as-email\" aria-required=\"true\" aria-invalid=\"false\" placeholder=\"E-Mail*\" value=\"\" type=\"email\" name=\"email\" \/><\/span><\/label><label><span class=\"wpcf7-form-control-wrap\" data-name=\"telefon\"><input size=\"40\" maxlength=\"400\" class=\"wpcf7-form-control wpcf7-tel wpcf7-validates-as-required wpcf7-text wpcf7-validates-as-tel\" aria-required=\"true\" aria-invalid=\"false\" placeholder=\"Telefon*\" value=\"\" type=\"tel\" name=\"telefon\" \/><\/span><\/label><label><span class=\"wpcf7-form-control-wrap\" data-name=\"adres1\"><input size=\"40\" maxlength=\"400\" class=\"wpcf7-form-control wpcf7-text wpcf7-validates-as-required\" aria-required=\"true\" aria-invalid=\"false\" placeholder=\"Stra\u00dfe und Hausnummer*\" value=\"\" type=\"text\" name=\"adres1\" \/><\/span><\/label><label><span class=\"wpcf7-form-control-wrap\" data-name=\"adres2\"><input size=\"40\" maxlength=\"400\" class=\"wpcf7-form-control wpcf7-text wpcf7-validates-as-required\" aria-required=\"true\" aria-invalid=\"false\" placeholder=\"PLZ und Ort*\" value=\"\" type=\"text\" name=\"adres2\" \/><\/span><\/label><label><span class=\"wpcf7-form-control-wrap\" data-name=\"beruf\"><input size=\"40\" maxlength=\"400\" class=\"wpcf7-form-control wpcf7-text\" aria-invalid=\"false\" placeholder=\"Beruf\" value=\"\" type=\"text\" name=\"beruf\" \/><\/span><\/label><label><span class=\"wpcf7-form-control-wrap\" data-name=\"alter\"><input size=\"40\" maxlength=\"400\" class=\"wpcf7-form-control wpcf7-text\" aria-invalid=\"false\" placeholder=\"Alter\" value=\"\" type=\"text\" name=\"alter\" \/><\/span><\/label><label><span class=\"wpcf7-form-control-wrap\" data-name=\"nachricht\"><textarea cols=\"40\" rows=\"10\" maxlength=\"2000\" class=\"wpcf7-form-control wpcf7-textarea\" aria-invalid=\"false\" placeholder=\"Nachricht\" name=\"nachricht\"><\/textarea><\/span><\/label><br \/>\n<span class=\"wpcf7-form-control-wrap\" data-name=\"bedingungen\"><span class=\"wpcf7-form-control wpcf7-acceptance\"><span class=\"wpcf7-list-item\"><label><input type=\"checkbox\" name=\"bedingungen\" value=\"1\" aria-invalid=\"false\" \/><span class=\"wpcf7-list-item-label\">Ich akzeptiere die Anmelde- und Stornierungsbedingungen (siehe unten).**<\/span><\/label><\/span><\/span><\/span>\n<\/p>\n<p><input class=\"wpcf7-form-control wpcf7-submit has-spinner\" type=\"submit\" value=\"Jetzt anmelden\" \/>\n<\/p><div class=\"wpcf7-response-output\" aria-hidden=\"true\"><\/div>\n<\/form>\n<\/div>\n<\/div>\n<\/div><\/div>\n\n\n\n<h6 class=\"wp-block-heading\">Anmelde- und Stornierungsbedingungen<\/h6>\n\n\n\n<p>Sie k\u00f6nnen jederzeit und ohne die Angabe von Gr\u00fcnden von Ihrer Anmeldung zur\u00fccktreten. Bei R\u00fccktritt bis 2 Wochen vor Seminarbeginn erhalten Sie Ihre Zahlung abz\u00fcglich einer Bearbeitungsgeb\u00fchr von 50 \u20ac zur\u00fcck. Bei sp\u00e4terer Abmeldung erfolgt keine R\u00fcckzahlung der Seminargeb\u00fchr, Sie k\u00f6nnen aber einen Ersatzteilnehmer vorschlagen.&nbsp;<br>Sollte das Seminar vom Veranstalter abgesagt werden, bekommen Sie die gezahlte Seminargeb\u00fchr zur\u00fcckerstattet. Dar\u00fcber hinausgehende Forderungen sind ausgeschlossen.<\/p>\n","protected":false},"excerpt":{"rendered":"<p>Empowerment Die Montags.Power mit Anna und Ira ist der Powerkick f\u00fcr Menschen, die &#8211; sich selbst oder andere f\u00fchren &#8211; ihre F\u00fchrungstheorie von heute in ihre F\u00fchrungspraxis von morgen verwandeln wollen &#8211; wissen, dass F\u00fchrung bei sich selbst beginnt &#8211; Freude und frische Energie in ihren (Berufs-)Alltag mitnehmen wollen Einmal im Monat laden wir ausgew\u00e4hlte [&hellip;]<\/p>\n","protected":false},"author":1,"featured_media":0,"parent":0,"menu_order":0,"comment_status":"closed","ping_status":"closed","template":"templates\/template-cover-notitle-blue.php","meta":{"_uag_custom_page_level_css":"","footnotes":""},"class_list":["post-2098","page","type-page","status-publish","hentry"],"yoast_head":"<!-- This site is optimized with the Yoast SEO plugin v27.4 - https:\/\/yoast.com\/product\/yoast-seo-wordpress\/ -->\n<title>Empowerment &#8226; Embodied.Berlin<\/title>\n<meta name=\"description\" content=\"Unsere Montags.Power ist der Gamechanger f\u00fcr alle, die f\u00fchren. Sich selbst oder andere. Und die von den Besten lernen wollen.\" \/>\n<meta name=\"robots\" content=\"index, follow, max-snippet:-1, max-image-preview:large, max-video-preview:-1\" \/>\n<link rel=\"canonical\" href=\"https:\/\/embodied.berlin\/en\/empowerment\/\" \/>\n<meta property=\"og:locale\" content=\"en_US\" \/>\n<meta property=\"og:type\" content=\"article\" \/>\n<meta property=\"og:title\" content=\"Empowerment &#8226; Embodied.Berlin\" \/>\n<meta property=\"og:description\" content=\"Unsere Montags.Power ist der Gamechanger f\u00fcr alle, die f\u00fchren. Sich selbst oder andere. Und die von den Besten lernen wollen.\" \/>\n<meta property=\"og:url\" content=\"https:\/\/embodied.berlin\/en\/empowerment\/\" \/>\n<meta property=\"og:site_name\" content=\"Embodied.Berlin\" \/>\n<meta property=\"article:publisher\" content=\"https:\/\/www.facebook.com\/Embodiedberlin-120219546202117\" \/>\n<meta property=\"article:modified_time\" content=\"2024-12-10T20:26:21+00:00\" \/>\n<meta property=\"og:image\" content=\"https:\/\/embodied.berlin\/wp-content\/uploads\/2023\/06\/Leadership-scaled.jpg\" \/>\n\t<meta property=\"og:image:width\" content=\"2560\" \/>\n\t<meta property=\"og:image:height\" content=\"1703\" \/>\n\t<meta property=\"og:image:type\" content=\"image\/jpeg\" \/>\n<meta name=\"twitter:card\" content=\"summary_large_image\" \/>\n<meta name=\"twitter:label1\" content=\"Est. reading time\" \/>\n\t<meta name=\"twitter:data1\" content=\"5 minutes\" \/>\n<script type=\"application\/ld+json\" class=\"yoast-schema-graph\">{\"@context\":\"https:\\\/\\\/schema.org\",\"@graph\":[{\"@type\":\"WebPage\",\"@id\":\"https:\\\/\\\/embodied.berlin\\\/en\\\/empowerment\\\/\",\"url\":\"https:\\\/\\\/embodied.berlin\\\/en\\\/empowerment\\\/\",\"name\":\"Empowerment &#8226; Embodied.Berlin\",\"isPartOf\":{\"@id\":\"https:\\\/\\\/embodied.berlin\\\/en\\\/#website\"},\"datePublished\":\"2024-07-31T05:45:12+00:00\",\"dateModified\":\"2024-12-10T20:26:21+00:00\",\"description\":\"Unsere Montags.Power ist der Gamechanger f\u00fcr alle, die f\u00fchren. Sich selbst oder andere. Und die von den Besten lernen wollen.\",\"breadcrumb\":{\"@id\":\"https:\\\/\\\/embodied.berlin\\\/en\\\/empowerment\\\/#breadcrumb\"},\"inLanguage\":\"en-US\",\"potentialAction\":[{\"@type\":\"ReadAction\",\"target\":[\"https:\\\/\\\/embodied.berlin\\\/en\\\/empowerment\\\/\"]}]},{\"@type\":\"BreadcrumbList\",\"@id\":\"https:\\\/\\\/embodied.berlin\\\/en\\\/empowerment\\\/#breadcrumb\",\"itemListElement\":[{\"@type\":\"ListItem\",\"position\":1,\"name\":\"Startseite\",\"item\":\"https:\\\/\\\/embodied.berlin\\\/en\\\/\"},{\"@type\":\"ListItem\",\"position\":2,\"name\":\"Empowerment\"}]},{\"@type\":\"WebSite\",\"@id\":\"https:\\\/\\\/embodied.berlin\\\/en\\\/#website\",\"url\":\"https:\\\/\\\/embodied.berlin\\\/en\\\/\",\"name\":\"Embodied.Berlin\",\"description\":\"Entdecke die Intelligenz  Deines K\u00f6rpers!\",\"publisher\":{\"@id\":\"https:\\\/\\\/embodied.berlin\\\/en\\\/#organization\"},\"potentialAction\":[{\"@type\":\"SearchAction\",\"target\":{\"@type\":\"EntryPoint\",\"urlTemplate\":\"https:\\\/\\\/embodied.berlin\\\/en\\\/?s={search_term_string}\"},\"query-input\":{\"@type\":\"PropertyValueSpecification\",\"valueRequired\":true,\"valueName\":\"search_term_string\"}}],\"inLanguage\":\"en-US\"},{\"@type\":\"Organization\",\"@id\":\"https:\\\/\\\/embodied.berlin\\\/en\\\/#organization\",\"name\":\"Embodied.Berlin\",\"url\":\"https:\\\/\\\/embodied.berlin\\\/en\\\/\",\"logo\":{\"@type\":\"ImageObject\",\"inLanguage\":\"en-US\",\"@id\":\"https:\\\/\\\/embodied.berlin\\\/en\\\/#\\\/schema\\\/logo\\\/image\\\/\",\"url\":\"https:\\\/\\\/embodied.berlin\\\/wp-content\\\/uploads\\\/2020\\\/10\\\/EB_logo.jpg\",\"contentUrl\":\"https:\\\/\\\/embodied.berlin\\\/wp-content\\\/uploads\\\/2020\\\/10\\\/EB_logo.jpg\",\"width\":1080,\"height\":1080,\"caption\":\"Embodied.Berlin\"},\"image\":{\"@id\":\"https:\\\/\\\/embodied.berlin\\\/en\\\/#\\\/schema\\\/logo\\\/image\\\/\"},\"sameAs\":[\"https:\\\/\\\/www.facebook.com\\\/Embodiedberlin-120219546202117\",\"https:\\\/\\\/www.instagram.com\\\/embodied.berlin\\\/\",\"https:\\\/\\\/www.linkedin.com\\\/in\\\/anna-paucher-cpcc-45a57670\\\/\"]}]}<\/script>\n<!-- \/ Yoast SEO plugin. -->","yoast_head_json":{"title":"Empowerment &#8226; Embodied.Berlin","description":"Unsere Montags.Power ist der Gamechanger f\u00fcr alle, die f\u00fchren. Sich selbst oder andere. Und die von den Besten lernen wollen.","robots":{"index":"index","follow":"follow","max-snippet":"max-snippet:-1","max-image-preview":"max-image-preview:large","max-video-preview":"max-video-preview:-1"},"canonical":"https:\/\/embodied.berlin\/en\/empowerment\/","og_locale":"en_US","og_type":"article","og_title":"Empowerment &#8226; Embodied.Berlin","og_description":"Unsere Montags.Power ist der Gamechanger f\u00fcr alle, die f\u00fchren. Sich selbst oder andere. Und die von den Besten lernen wollen.","og_url":"https:\/\/embodied.berlin\/en\/empowerment\/","og_site_name":"Embodied.Berlin","article_publisher":"https:\/\/www.facebook.com\/Embodiedberlin-120219546202117","article_modified_time":"2024-12-10T20:26:21+00:00","og_image":[{"width":2560,"height":1703,"url":"https:\/\/embodied.berlin\/wp-content\/uploads\/2023\/06\/Leadership-scaled.jpg","type":"image\/jpeg"}],"twitter_card":"summary_large_image","twitter_misc":{"Est. reading time":"5 minutes"},"schema":{"@context":"https:\/\/schema.org","@graph":[{"@type":"WebPage","@id":"https:\/\/embodied.berlin\/en\/empowerment\/","url":"https:\/\/embodied.berlin\/en\/empowerment\/","name":"Empowerment &#8226; Embodied.Berlin","isPartOf":{"@id":"https:\/\/embodied.berlin\/en\/#website"},"datePublished":"2024-07-31T05:45:12+00:00","dateModified":"2024-12-10T20:26:21+00:00","description":"Unsere Montags.Power ist der Gamechanger f\u00fcr alle, die f\u00fchren. Sich selbst oder andere. Und die von den Besten lernen wollen.","breadcrumb":{"@id":"https:\/\/embodied.berlin\/en\/empowerment\/#breadcrumb"},"inLanguage":"en-US","potentialAction":[{"@type":"ReadAction","target":["https:\/\/embodied.berlin\/en\/empowerment\/"]}]},{"@type":"BreadcrumbList","@id":"https:\/\/embodied.berlin\/en\/empowerment\/#breadcrumb","itemListElement":[{"@type":"ListItem","position":1,"name":"Startseite","item":"https:\/\/embodied.berlin\/en\/"},{"@type":"ListItem","position":2,"name":"Empowerment"}]},{"@type":"WebSite","@id":"https:\/\/embodied.berlin\/en\/#website","url":"https:\/\/embodied.berlin\/en\/","name":"Embodied.Berlin","description":"Entdecke die Intelligenz  Deines K\u00f6rpers!","publisher":{"@id":"https:\/\/embodied.berlin\/en\/#organization"},"potentialAction":[{"@type":"SearchAction","target":{"@type":"EntryPoint","urlTemplate":"https:\/\/embodied.berlin\/en\/?s={search_term_string}"},"query-input":{"@type":"PropertyValueSpecification","valueRequired":true,"valueName":"search_term_string"}}],"inLanguage":"en-US"},{"@type":"Organization","@id":"https:\/\/embodied.berlin\/en\/#organization","name":"Embodied.Berlin","url":"https:\/\/embodied.berlin\/en\/","logo":{"@type":"ImageObject","inLanguage":"en-US","@id":"https:\/\/embodied.berlin\/en\/#\/schema\/logo\/image\/","url":"https:\/\/embodied.berlin\/wp-content\/uploads\/2020\/10\/EB_logo.jpg","contentUrl":"https:\/\/embodied.berlin\/wp-content\/uploads\/2020\/10\/EB_logo.jpg","width":1080,"height":1080,"caption":"Embodied.Berlin"},"image":{"@id":"https:\/\/embodied.berlin\/en\/#\/schema\/logo\/image\/"},"sameAs":["https:\/\/www.facebook.com\/Embodiedberlin-120219546202117","https:\/\/www.instagram.com\/embodied.berlin\/","https:\/\/www.linkedin.com\/in\/anna-paucher-cpcc-45a57670\/"]}]}},"uagb_featured_image_src":{"full":false,"thumbnail":false,"medium":false,"medium_large":false,"large":false,"1536x1536":false,"2048x2048":false,"post-thumbnail":false,"twentytwenty-fullscreen":false},"uagb_author_info":{"display_name":"EB_admin","author_link":"https:\/\/embodied.berlin\/en\/author\/eb_admin\/"},"uagb_comment_info":0,"uagb_excerpt":"Empowerment Die Montags.Power mit Anna und Ira ist der Powerkick f\u00fcr Menschen, die &#8211; sich selbst oder andere f\u00fchren &#8211; ihre F\u00fchrungstheorie von heute in ihre F\u00fchrungspraxis von morgen verwandeln wollen &#8211; wissen, dass F\u00fchrung bei sich selbst beginnt &#8211; Freude und frische Energie in ihren (Berufs-)Alltag mitnehmen wollen Einmal im Monat laden wir ausgew\u00e4hlte&hellip;","_links":{"self":[{"href":"https:\/\/embodied.berlin\/en\/wp-json\/wp\/v2\/pages\/2098","targetHints":{"allow":["GET"]}}],"collection":[{"href":"https:\/\/embodied.berlin\/en\/wp-json\/wp\/v2\/pages"}],"about":[{"href":"https:\/\/embodied.berlin\/en\/wp-json\/wp\/v2\/types\/page"}],"author":[{"embeddable":true,"href":"https:\/\/embodied.berlin\/en\/wp-json\/wp\/v2\/users\/1"}],"replies":[{"embeddable":true,"href":"https:\/\/embodied.berlin\/en\/wp-json\/wp\/v2\/comments?post=2098"}],"version-history":[{"count":11,"href":"https:\/\/embodied.berlin\/en\/wp-json\/wp\/v2\/pages\/2098\/revisions"}],"predecessor-version":[{"id":2157,"href":"https:\/\/embodied.berlin\/en\/wp-json\/wp\/v2\/pages\/2098\/revisions\/2157"}],"wp:attachment":[{"href":"https:\/\/embodied.berlin\/en\/wp-json\/wp\/v2\/media?parent=2098"}],"curies":[{"name":"wp","href":"https:\/\/api.w.org\/{rel}","templated":true}]}}